{"id":1905,"date":"2021-02-04T11:42:31","date_gmt":"2021-02-04T10:42:31","guid":{"rendered":"https:\/\/pathebusiness.ch\/herzlichen-dank\/"},"modified":"2021-05-16T18:24:47","modified_gmt":"2021-05-16T16:24:47","slug":"un-grand-merci","status":"publish","type":"page","link":"https:\/\/pathebusiness.ch\/fr\/un-grand-merci\/","title":{"rendered":"Un grand merci"},"content":{"rendered":"<p>[et_pb_section fb_built=\u00a0\u00bb1&Prime; fullwidth=\u00a0\u00bbon\u00a0\u00bb _builder_version=\u00a0\u00bb4.6.6&Prime; _module_preset=\u00a0\u00bbdefault\u00a0\u00bb][et_pb_fullwidth_slider show_pagination=\u00a0\u00bboff\u00a0\u00bb module_class=\u00a0\u00bbheader-mit-rand\u00a0\u00bb _builder_version=\u00a0\u00bb4.9.1&Prime; _module_preset=\u00a0\u00bbdefault\u00a0\u00bb header_font_size=\u00a0\u00bb30px\u00a0\u00bb height=\u00a0\u00bb100%\u00a0\u00bb max_height=\u00a0\u00bb80vh\u00a0\u00bb custom_padding=\u00a0\u00bb50px||40px||false|false\u00a0\u00bb auto=\u00a0\u00bbon\u00a0\u00bb auto_speed=\u00a0\u00bb5000&Prime; auto_ignore_hover=\u00a0\u00bbon\u00a0\u00bb link_option_url=\u00a0\u00bb#content\u00a0\u00bb custom_css_slide_description=\u00a0\u00bbmax-width:800px;||padding-left:25px;||padding-right:25px;||margin-top:20%;||margin-bottom:20%;||-moz-animation: none;||-webkit-animation: none;||-o-animation: none;||-ms-animation: none;||animation: none;\u00a0\u00bb custom_css_slide_description__hover_enabled=\u00a0\u00bboff|desktop\u00a0\u00bb][et_pb_slide heading=\u00a0\u00bbUn grand merci\u00a0\u00bb _builder_version=\u00a0\u00bb4.9.1&Prime; _module_preset=\u00a0\u00bbdefault\u00a0\u00bb background_enable_color=\u00a0\u00bboff\u00a0\u00bb background_image=\u00a0\u00bbhttps:\/\/pathebusiness.ch\/wp-content\/uploads\/2020\/11\/Pathe-Business-Anfrage-1.jpg\u00a0\u00bb background_enable_image=\u00a0\u00bbon\u00a0\u00bb sticky_transition=\u00a0\u00bbon\u00a0\u00bb][\/et_pb_slide][et_pb_slide heading=\u00a0\u00bbUn grand merci\u00a0\u00bb _builder_version=\u00a0\u00bb4.9.1&Prime; _module_preset=\u00a0\u00bbdefault\u00a0\u00bb background_enable_color=\u00a0\u00bboff\u00a0\u00bb background_image=\u00a0\u00bbhttps:\/\/pathebusiness.ch\/wp-content\/uploads\/2020\/11\/Pathe-Business-Anfrage-2.jpg\u00a0\u00bb background_enable_image=\u00a0\u00bbon\u00a0\u00bb sticky_transition=\u00a0\u00bbon\u00a0\u00bb][\/et_pb_slide][et_pb_slide heading=\u00a0\u00bbUn grand merci\u00a0\u00bb _builder_version=\u00a0\u00bb4.9.1&Prime; _module_preset=\u00a0\u00bbdefault\u00a0\u00bb background_enable_color=\u00a0\u00bboff\u00a0\u00bb background_image=\u00a0\u00bbhttps:\/\/pathebusiness.ch\/wp-content\/uploads\/2020\/11\/Pathe-Business-Anfrage-3.jpg\u00a0\u00bb background_enable_image=\u00a0\u00bbon\u00a0\u00bb sticky_transition=\u00a0\u00bbon\u00a0\u00bb][\/et_pb_slide][et_pb_slide heading=\u00a0\u00bbUn grand merci\u00a0\u00bb _builder_version=\u00a0\u00bb4.9.1&Prime; _module_preset=\u00a0\u00bbdefault\u00a0\u00bb background_enable_color=\u00a0\u00bboff\u00a0\u00bb background_image=\u00a0\u00bbhttps:\/\/pathebusiness.ch\/wp-content\/uploads\/2020\/11\/Pathe-Business-Anfrage-4.jpg\u00a0\u00bb background_enable_image=\u00a0\u00bbon\u00a0\u00bb sticky_transition=\u00a0\u00bbon\u00a0\u00bb][\/et_pb_slide][et_pb_slide heading=\u00a0\u00bbUn grand merci\u00a0\u00bb _builder_version=\u00a0\u00bb4.9.1&Prime; _module_preset=\u00a0\u00bbdefault\u00a0\u00bb background_enable_color=\u00a0\u00bboff\u00a0\u00bb background_image=\u00a0\u00bbhttps:\/\/pathebusiness.ch\/wp-content\/uploads\/2020\/11\/Pathe-Business-Anfrage-5.jpg\u00a0\u00bb background_enable_image=\u00a0\u00bbon\u00a0\u00bb sticky_transition=\u00a0\u00bbon\u00a0\u00bb][\/et_pb_slide][et_pb_slide heading=\u00a0\u00bbUn grand merci\u00a0\u00bb _builder_version=\u00a0\u00bb4.9.1&Prime; _module_preset=\u00a0\u00bbdefault\u00a0\u00bb background_enable_color=\u00a0\u00bboff\u00a0\u00bb background_image=\u00a0\u00bbhttps:\/\/pathebusiness.ch\/wp-content\/uploads\/2020\/11\/Pathe-Business-Anfrage-6.jpg\u00a0\u00bb background_enable_image=\u00a0\u00bbon\u00a0\u00bb sticky_transition=\u00a0\u00bbon\u00a0\u00bb][\/et_pb_slide][\/et_pb_fullwidth_slider][\/et_pb_section][et_pb_section fb_built=\u00a0\u00bb1&Prime; module_id=\u00a0\u00bbcontent\u00a0\u00bb _builder_version=\u00a0\u00bb4.8.1&Prime; _module_preset=\u00a0\u00bbdefault\u00a0\u00bb background_color=\u00a0\u00bb#999999&Prime;][et_pb_row column_structure=\u00a0\u00bb3_4,1_4&Prime; _builder_version=\u00a0\u00bb4.6.6&Prime; _module_preset=\u00a0\u00bbdefault\u00a0\u00bb background_color=\u00a0\u00bb#ffffff\u00a0\u00bb max_width=\u00a0\u00bb1200px\u00a0\u00bb custom_padding=\u00a0\u00bb50px|50px|50px|50px|true|true\u00a0\u00bb custom_css_main_element=\u00a0\u00bbdisplay:flex;\u00a0\u00bb border_radii=\u00a0\u00bboff|50px|50px||\u00a0\u00bb border_width_top=\u00a0\u00bb4px\u00a0\u00bb border_color_top=\u00a0\u00bb#ffbf00&Prime; border_width_right=\u00a0\u00bb4px\u00a0\u00bb border_color_right=\u00a0\u00bb#ffbf00&Prime; border_width_left=\u00a0\u00bb4px\u00a0\u00bb border_color_left=\u00a0\u00bb#ffbf00&Prime;][et_pb_column type=\u00a0\u00bb3_4&Prime; _builder_version=\u00a0\u00bb4.6.6&Prime; _module_preset=\u00a0\u00bbdefault\u00a0\u00bb custom_css_main_element=\u00a0\u00bbmargin:auto;\u00a0\u00bb][et_pb_text _builder_version=\u00a0\u00bb4.9.1&Prime; _module_preset=\u00a0\u00bbdefault\u00a0\u00bb header_2_font=\u00a0\u00bb|700|||||||\u00a0\u00bb]<\/p>\n<h2 class=\"p1\">VOTRE DEMANDE A BIEN \u00e9T\u00e9 ENVOY\u00e9<\/h2>\n<p>[\/et_pb_text][\/et_pb_column][et_pb_column type=\u00a0\u00bb1_4&Prime; _builder_version=\u00a0\u00bb4.6.6&Prime; _module_preset=\u00a0\u00bbdefault\u00a0\u00bb][et_pb_image src=\u00a0\u00bbhttps:\/\/pathebusiness.ch\/wp-content\/uploads\/2020\/12\/2xIcon_individuelles-Thema@2x.png\u00a0\u00bb title_text=\u00a0\u00bb2xIcon_individuelles Thema@2x\u00a0\u00bb _builder_version=\u00a0\u00bb4.7.4&Prime; _module_preset=\u00a0\u00bbdefault\u00a0\u00bb background_enable_color=\u00a0\u00bboff\u00a0\u00bb background_enable_image=\u00a0\u00bboff\u00a0\u00bb max_width=\u00a0\u00bb200px\u00a0\u00bb module_alignment=\u00a0\u00bbright\u00a0\u00bb border_radii=\u00a0\u00bbon|25px|25px|25px|25px\u00a0\u00bb border_width_all=\u00a0\u00bb4px\u00a0\u00bb border_color_all=\u00a0\u00bb#ffbf00&Prime;][\/et_pb_image][\/et_pb_column][\/et_pb_row][et_pb_row _builder_version=\u00a0\u00bb4.9.1&Prime; _module_preset=\u00a0\u00bbdefault\u00a0\u00bb background_color=\u00a0\u00bb#FFFFFF\u00a0\u00bb max_width=\u00a0\u00bb1200px\u00a0\u00bb custom_margin=\u00a0\u00bb||0px||false|false\u00a0\u00bb border_width_right=\u00a0\u00bb4px\u00a0\u00bb border_color_right=\u00a0\u00bb#FFBF00&Prime; border_width_left=\u00a0\u00bb4px\u00a0\u00bb border_color_left=\u00a0\u00bb#FFBF00&Prime;][et_pb_column type=\u00a0\u00bb4_4&Prime; _builder_version=\u00a0\u00bb4.9.1&Prime; _module_preset=\u00a0\u00bbdefault\u00a0\u00bb][et_pb_text _builder_version=\u00a0\u00bb4.9.1&Prime; _module_preset=\u00a0\u00bbdefault\u00a0\u00bb max_width=\u00a0\u00bb90%\u00a0\u00bb module_alignment=\u00a0\u00bbcenter\u00a0\u00bb hover_enabled=\u00a0\u00bb0&Prime; sticky_enabled=\u00a0\u00bb0&Prime;]<\/p>\n<p>Merci pour votre demande,<br \/>L\u2019\u00e9quipe PATH\u00c9 BUSINESS vous contactera dans les meilleurs d\u00e9lais.<br \/>Une copie de votre demande vous a \u00e9t\u00e9 envoy\u00e9e par e-mail.<\/p>\n<p>Pour de nombreuses questions, nous avons cr\u00e9\u00e9 une foire aux questions.<br \/>N\u2019h\u00e9sitez pas \u00e0 consulter nos r\u00e9f\u00e9rences.<\/p>\n<p>[\/et_pb_text][\/et_pb_column][\/et_pb_row][et_pb_row column_structure=\u00a0\u00bb1_2,1_2&Prime; _builder_version=\u00a0\u00bb4.9.1&Prime; _module_preset=\u00a0\u00bbdefault\u00a0\u00bb background_color=\u00a0\u00bb#ffffff\u00a0\u00bb max_width=\u00a0\u00bb1200px\u00a0\u00bb custom_padding=\u00a0\u00bb50px|50px|70px|50px|false|true\u00a0\u00bb border_radii=\u00a0\u00bboff||||50px\u00a0\u00bb border_width_right=\u00a0\u00bb4px\u00a0\u00bb border_color_right=\u00a0\u00bb#ffbf00&Prime; border_width_bottom=\u00a0\u00bb4px\u00a0\u00bb border_color_bottom=\u00a0\u00bb#ffbf00&Prime; border_width_left=\u00a0\u00bb4px\u00a0\u00bb border_color_left=\u00a0\u00bb#ffbf00&Prime;][et_pb_column type=\u00a0\u00bb1_2&Prime; _builder_version=\u00a0\u00bb4.6.6&Prime; _module_preset=\u00a0\u00bbdefault\u00a0\u00bb][et_pb_text _builder_version=\u00a0\u00bb4.9.1&Prime; _module_preset=\u00a0\u00bbdefault\u00a0\u00bb text_font=\u00a0\u00bb|600|||||||\u00a0\u00bb text_font_size=\u00a0\u00bb24px\u00a0\u00bb background_color=\u00a0\u00bb#ffbf00&Prime; text_orientation=\u00a0\u00bbcenter\u00a0\u00bb custom_padding=\u00a0\u00bb25px|25px|25px|25px|true|true\u00a0\u00bb link_option_url=\u00a0\u00bbhttps:\/\/pathebusiness.ch\/fr\/faq-pathe-business\/\u00a0\u00bb border_radii=\u00a0\u00bboff|25px|25px||25px\u00a0\u00bb]<\/p>\n<p>FAQ<\/p>\n<p>[\/et_pb_text][\/et_pb_column][et_pb_column type=\u00a0\u00bb1_2&Prime; _builder_version=\u00a0\u00bb4.6.6&Prime; _module_preset=\u00a0\u00bbdefault\u00a0\u00bb][et_pb_text _builder_version=\u00a0\u00bb4.9.1&Prime; _module_preset=\u00a0\u00bbdefault\u00a0\u00bb text_font=\u00a0\u00bb|600|||||||\u00a0\u00bb text_font_size=\u00a0\u00bb24px\u00a0\u00bb background_color=\u00a0\u00bb#ffbf00&Prime; text_orientation=\u00a0\u00bbcenter\u00a0\u00bb custom_padding=\u00a0\u00bb25px|25px|25px|25px|true|true\u00a0\u00bb link_option_url=\u00a0\u00bbhttps:\/\/pathebusiness.ch\/fr\/references\/\u00a0\u00bb border_radii=\u00a0\u00bboff|25px|25px||25px\u00a0\u00bb]<\/p>\n<p class=\"p1\">R\u00e9f\u00e9rences<\/p>\n<p>[\/et_pb_text][\/et_pb_column][\/et_pb_row][et_pb_row _builder_version=\u00a0\u00bb4.6.6&Prime; _module_preset=\u00a0\u00bbdefault\u00a0\u00bb positioning=\u00a0\u00bbabsolute\u00a0\u00bb position_origin_a=\u00a0\u00bbbottom_left\u00a0\u00bb horizontal_offset=\u00a0\u00bb15%\u00a0\u00bb custom_padding=\u00a0\u00bb0px||0px||false|false\u00a0\u00bb][et_pb_column type=\u00a0\u00bb4_4&Prime; _builder_version=\u00a0\u00bb4.6.6&Prime; _module_preset=\u00a0\u00bbdefault\u00a0\u00bb][et_pb_image src=\u00a0\u00bbhttps:\/\/pathebusiness.ch\/wp-content\/uploads\/2020\/11\/Charlie-Footer.svg\u00a0\u00bb title_text=\u00a0\u00bbCharlie-Footer\u00a0\u00bb _builder_version=\u00a0\u00bb4.6.6&Prime; _module_preset=\u00a0\u00bbdefault\u00a0\u00bb positioning=\u00a0\u00bbrelative\u00a0\u00bb position_origin_r=\u00a0\u00bbbottom_left\u00a0\u00bb max_width=\u00a0\u00bb150px\u00a0\u00bb][\/et_pb_image][\/et_pb_column][\/et_pb_row][\/et_pb_section]<\/p>\n","protected":false},"excerpt":{"rendered":"<p>VOTRE DEMANDE A BIEN \u00e9T\u00e9 ENVOY\u00e9Merci pour votre demande,L\u2019\u00e9quipe PATH\u00c9 BUSINESS vous contactera dans les meilleurs d\u00e9lais.Une copie de votre demande vous a \u00e9t\u00e9 envoy\u00e9e par e-mail. Pour de nombreuses questions, nous avons cr\u00e9\u00e9 une foire aux questions.N\u2019h\u00e9sitez pas \u00e0 consulter nos r\u00e9f\u00e9rences.FAQR\u00e9f\u00e9rences<\/p>\n","protected":false},"author":1,"featured_media":0,"parent":0,"menu_order":0,"comment_status":"closed","ping_status":"closed","template":"","meta":{"_et_pb_use_builder":"on","_et_pb_old_content":"","_et_gb_content_width":"","footnotes":""},"dipi_cpt_category":[],"class_list":["post-1905","page","type-page","status-publish","hentry"],"yoast_head":"<!-- This site is optimized with the Yoast SEO plugin v27.6 - https:\/\/yoast.com\/product\/yoast-seo-wordpress\/ -->\n<title>Un grand merci - Path\u00e9 Business<\/title>\n<meta name=\"robots\" content=\"index, follow, max-snippet:-1, max-image-preview:large, max-video-preview:-1\" \/>\n<link rel=\"canonical\" href=\"https:\/\/pathebusiness.ch\/fr\/un-grand-merci\/\" \/>\n<meta property=\"og:locale\" content=\"fr_FR\" \/>\n<meta property=\"og:type\" content=\"article\" \/>\n<meta property=\"og:title\" content=\"Un grand merci - Path\u00e9 Business\" \/>\n<meta property=\"og:description\" content=\"VOTRE DEMANDE A BIEN \u00e9T\u00e9 ENVOY\u00e9Merci pour votre demande,L\u2019\u00e9quipe PATH\u00c9 BUSINESS vous contactera dans les meilleurs d\u00e9lais.Une copie de votre demande vous a \u00e9t\u00e9 envoy\u00e9e par e-mail. Pour de nombreuses questions, nous avons cr\u00e9\u00e9 une foire aux questions.N\u2019h\u00e9sitez pas \u00e0 consulter nos r\u00e9f\u00e9rences.FAQR\u00e9f\u00e9rences\" \/>\n<meta property=\"og:url\" content=\"https:\/\/pathebusiness.ch\/fr\/un-grand-merci\/\" \/>\n<meta property=\"og:site_name\" content=\"Path\u00e9 Business\" \/>\n<meta property=\"article:modified_time\" content=\"2021-05-16T16:24:47+00:00\" \/>\n<meta name=\"twitter:card\" content=\"summary_large_image\" \/>\n<script type=\"application\/ld+json\" class=\"yoast-schema-graph\">{\"@context\":\"https:\\\/\\\/schema.org\",\"@graph\":[{\"@type\":\"WebPage\",\"@id\":\"https:\\\/\\\/pathebusiness.ch\\\/fr\\\/un-grand-merci\\\/\",\"url\":\"https:\\\/\\\/pathebusiness.ch\\\/fr\\\/un-grand-merci\\\/\",\"name\":\"Un grand merci - Path\u00e9 Business\",\"isPartOf\":{\"@id\":\"https:\\\/\\\/pathebusiness.ch\\\/fr\\\/#website\"},\"datePublished\":\"2021-02-04T10:42:31+00:00\",\"dateModified\":\"2021-05-16T16:24:47+00:00\",\"breadcrumb\":{\"@id\":\"https:\\\/\\\/pathebusiness.ch\\\/fr\\\/un-grand-merci\\\/#breadcrumb\"},\"inLanguage\":\"fr-FR\",\"potentialAction\":[{\"@type\":\"ReadAction\",\"target\":[\"https:\\\/\\\/pathebusiness.ch\\\/fr\\\/un-grand-merci\\\/\"]}]},{\"@type\":\"BreadcrumbList\",\"@id\":\"https:\\\/\\\/pathebusiness.ch\\\/fr\\\/un-grand-merci\\\/#breadcrumb\",\"itemListElement\":[{\"@type\":\"ListItem\",\"position\":1,\"name\":\"Startseite\",\"item\":\"https:\\\/\\\/pathebusiness.ch\\\/fr\\\/\"},{\"@type\":\"ListItem\",\"position\":2,\"name\":\"Un grand merci\"}]},{\"@type\":\"WebSite\",\"@id\":\"https:\\\/\\\/pathebusiness.ch\\\/fr\\\/#website\",\"url\":\"https:\\\/\\\/pathebusiness.ch\\\/fr\\\/\",\"name\":\"Path\u00e9 Business\",\"description\":\"\",\"potentialAction\":[{\"@type\":\"SearchAction\",\"target\":{\"@type\":\"EntryPoint\",\"urlTemplate\":\"https:\\\/\\\/pathebusiness.ch\\\/fr\\\/?s={search_term_string}\"},\"query-input\":{\"@type\":\"PropertyValueSpecification\",\"valueRequired\":true,\"valueName\":\"search_term_string\"}}],\"inLanguage\":\"fr-FR\"}]}<\/script>\n<!-- \/ Yoast SEO plugin. -->","yoast_head_json":{"title":"Un grand merci - Path\u00e9 Business","robots":{"index":"index","follow":"follow","max-snippet":"max-snippet:-1","max-image-preview":"max-image-preview:large","max-video-preview":"max-video-preview:-1"},"canonical":"https:\/\/pathebusiness.ch\/fr\/un-grand-merci\/","og_locale":"fr_FR","og_type":"article","og_title":"Un grand merci - Path\u00e9 Business","og_description":"VOTRE DEMANDE A BIEN \u00e9T\u00e9 ENVOY\u00e9Merci pour votre demande,L\u2019\u00e9quipe PATH\u00c9 BUSINESS vous contactera dans les meilleurs d\u00e9lais.Une copie de votre demande vous a \u00e9t\u00e9 envoy\u00e9e par e-mail. Pour de nombreuses questions, nous avons cr\u00e9\u00e9 une foire aux questions.N\u2019h\u00e9sitez pas \u00e0 consulter nos r\u00e9f\u00e9rences.FAQR\u00e9f\u00e9rences","og_url":"https:\/\/pathebusiness.ch\/fr\/un-grand-merci\/","og_site_name":"Path\u00e9 Business","article_modified_time":"2021-05-16T16:24:47+00:00","twitter_card":"summary_large_image","schema":{"@context":"https:\/\/schema.org","@graph":[{"@type":"WebPage","@id":"https:\/\/pathebusiness.ch\/fr\/un-grand-merci\/","url":"https:\/\/pathebusiness.ch\/fr\/un-grand-merci\/","name":"Un grand merci - Path\u00e9 Business","isPartOf":{"@id":"https:\/\/pathebusiness.ch\/fr\/#website"},"datePublished":"2021-02-04T10:42:31+00:00","dateModified":"2021-05-16T16:24:47+00:00","breadcrumb":{"@id":"https:\/\/pathebusiness.ch\/fr\/un-grand-merci\/#breadcrumb"},"inLanguage":"fr-FR","potentialAction":[{"@type":"ReadAction","target":["https:\/\/pathebusiness.ch\/fr\/un-grand-merci\/"]}]},{"@type":"BreadcrumbList","@id":"https:\/\/pathebusiness.ch\/fr\/un-grand-merci\/#breadcrumb","itemListElement":[{"@type":"ListItem","position":1,"name":"Startseite","item":"https:\/\/pathebusiness.ch\/fr\/"},{"@type":"ListItem","position":2,"name":"Un grand merci"}]},{"@type":"WebSite","@id":"https:\/\/pathebusiness.ch\/fr\/#website","url":"https:\/\/pathebusiness.ch\/fr\/","name":"Path\u00e9 Business","description":"","potentialAction":[{"@type":"SearchAction","target":{"@type":"EntryPoint","urlTemplate":"https:\/\/pathebusiness.ch\/fr\/?s={search_term_string}"},"query-input":{"@type":"PropertyValueSpecification","valueRequired":true,"valueName":"search_term_string"}}],"inLanguage":"fr-FR"}]}},"_links":{"self":[{"href":"https:\/\/pathebusiness.ch\/fr\/wp-json\/wp\/v2\/pages\/1905","targetHints":{"allow":["GET"]}}],"collection":[{"href":"https:\/\/pathebusiness.ch\/fr\/wp-json\/wp\/v2\/pages"}],"about":[{"href":"https:\/\/pathebusiness.ch\/fr\/wp-json\/wp\/v2\/types\/page"}],"author":[{"embeddable":true,"href":"https:\/\/pathebusiness.ch\/fr\/wp-json\/wp\/v2\/users\/1"}],"replies":[{"embeddable":true,"href":"https:\/\/pathebusiness.ch\/fr\/wp-json\/wp\/v2\/comments?post=1905"}],"version-history":[{"count":6,"href":"https:\/\/pathebusiness.ch\/fr\/wp-json\/wp\/v2\/pages\/1905\/revisions"}],"predecessor-version":[{"id":2704,"href":"https:\/\/pathebusiness.ch\/fr\/wp-json\/wp\/v2\/pages\/1905\/revisions\/2704"}],"wp:attachment":[{"href":"https:\/\/pathebusiness.ch\/fr\/wp-json\/wp\/v2\/media?parent=1905"}],"wp:term":[{"taxonomy":"dipi_cpt_category","embeddable":true,"href":"https:\/\/pathebusiness.ch\/fr\/wp-json\/wp\/v2\/dipi_cpt_category?post=1905"}],"curies":[{"name":"wp","href":"https:\/\/api.w.org\/{rel}","templated":true}]}}