{"id":1609,"date":"2021-02-22T10:22:27","date_gmt":"2021-02-22T09:22:27","guid":{"rendered":"https:\/\/pathebusiness.ch\/?page_id=1609"},"modified":"2026-03-27T16:25:43","modified_gmt":"2026-03-27T15:25:43","slug":"equipe","status":"publish","type":"page","link":"https:\/\/pathebusiness.ch\/fr\/equipe\/","title":{"rendered":"\u00c9quipe"},"content":{"rendered":"<p>[et_pb_section fb_built=\u00a0\u00bb1&Prime; fullwidth=\u00a0\u00bbon\u00a0\u00bb _builder_version=\u00a0\u00bb4.16&Prime; _module_preset=\u00a0\u00bbdefault\u00a0\u00bb global_colors_info=\u00a0\u00bb{}\u00a0\u00bb][et_pb_fullwidth_slider show_pagination=\u00a0\u00bboff\u00a0\u00bb module_class=\u00a0\u00bbheader-mit-rand\u00a0\u00bb _builder_version=\u00a0\u00bb4.16&Prime; _module_preset=\u00a0\u00bbdefault\u00a0\u00bb header_font_size=\u00a0\u00bb30px\u00a0\u00bb height=\u00a0\u00bb100%\u00a0\u00bb max_height=\u00a0\u00bb80vh\u00a0\u00bb custom_padding=\u00a0\u00bb50px||40px||false|false\u00a0\u00bb auto=\u00a0\u00bbon\u00a0\u00bb auto_speed=\u00a0\u00bb5000&Prime; auto_ignore_hover=\u00a0\u00bbon\u00a0\u00bb link_option_url=\u00a0\u00bb#content\u00a0\u00bb custom_css_slide_description=\u00a0\u00bbmax-width:800px;||padding-left:25px;||padding-right:25px;||margin-top:20%;||margin-bottom:20%;||-moz-animation: none;||-webkit-animation: none;||-o-animation: none;||-ms-animation: none;||animation: none;\u00a0\u00bb global_colors_info=\u00a0\u00bb{}\u00a0\u00bb custom_css_slide_description__hover_enabled=\u00a0\u00bboff|desktop\u00a0\u00bb][et_pb_slide heading=\u00a0\u00bb\u00c9quipe\u00a0\u00bb _builder_version=\u00a0\u00bb4.16&Prime; _module_preset=\u00a0\u00bbdefault\u00a0\u00bb background_enable_color=\u00a0\u00bboff\u00a0\u00bb background_image=\u00a0\u00bbhttps:\/\/pathebusiness.ch\/wp-content\/uploads\/2020\/11\/Pathe-Business-Referenzen-2.jpg\u00a0\u00bb background_enable_image=\u00a0\u00bbon\u00a0\u00bb global_colors_info=\u00a0\u00bb{}\u00a0\u00bb sticky_transition=\u00a0\u00bbon\u00a0\u00bb][\/et_pb_slide][et_pb_slide heading=\u00a0\u00bb\u00c9quipe\u00a0\u00bb _builder_version=\u00a0\u00bb4.16&Prime; _module_preset=\u00a0\u00bbdefault\u00a0\u00bb background_enable_color=\u00a0\u00bboff\u00a0\u00bb background_image=\u00a0\u00bbhttps:\/\/pathebusiness.ch\/wp-content\/uploads\/2020\/11\/Pathe-Business-Referenzen-3.jpg\u00a0\u00bb background_enable_image=\u00a0\u00bbon\u00a0\u00bb global_colors_info=\u00a0\u00bb{}\u00a0\u00bb sticky_transition=\u00a0\u00bbon\u00a0\u00bb][\/et_pb_slide][et_pb_slide heading=\u00a0\u00bb\u00c9quipe\u00a0\u00bb _builder_version=\u00a0\u00bb4.16&Prime; _module_preset=\u00a0\u00bbdefault\u00a0\u00bb background_enable_color=\u00a0\u00bboff\u00a0\u00bb background_image=\u00a0\u00bbhttps:\/\/pathebusiness.ch\/wp-content\/uploads\/2020\/11\/Pathe-Business-Referenzen-4.jpg\u00a0\u00bb background_enable_image=\u00a0\u00bbon\u00a0\u00bb global_colors_info=\u00a0\u00bb{}\u00a0\u00bb sticky_transition=\u00a0\u00bbon\u00a0\u00bb][\/et_pb_slide][et_pb_slide heading=\u00a0\u00bb\u00c9quipe\u00a0\u00bb _builder_version=\u00a0\u00bb4.16&Prime; _module_preset=\u00a0\u00bbdefault\u00a0\u00bb background_enable_color=\u00a0\u00bboff\u00a0\u00bb background_image=\u00a0\u00bbhttps:\/\/pathebusiness.ch\/wp-content\/uploads\/2020\/11\/Pathe-Business-Referenzen-5.jpg\u00a0\u00bb background_enable_image=\u00a0\u00bbon\u00a0\u00bb global_colors_info=\u00a0\u00bb{}\u00a0\u00bb sticky_transition=\u00a0\u00bbon\u00a0\u00bb][\/et_pb_slide][\/et_pb_fullwidth_slider][\/et_pb_section][et_pb_section fb_built=\u00a0\u00bb1&Prime; module_id=\u00a0\u00bbcontent\u00a0\u00bb _builder_version=\u00a0\u00bb4.16&Prime; _module_preset=\u00a0\u00bbdefault\u00a0\u00bb background_color=\u00a0\u00bb#999999&Prime; global_colors_info=\u00a0\u00bb{}\u00a0\u00bb][et_pb_row column_structure=\u00a0\u00bb3_4,1_4&Prime; _builder_version=\u00a0\u00bb4.16&Prime; _module_preset=\u00a0\u00bbdefault\u00a0\u00bb background_color=\u00a0\u00bb#ffffff\u00a0\u00bb max_width=\u00a0\u00bb1200px\u00a0\u00bb custom_padding=\u00a0\u00bb50px|50px|50px|50px|true|true\u00a0\u00bb custom_css_main_element=\u00a0\u00bbdisplay:flex;\u00a0\u00bb border_radii=\u00a0\u00bboff|50px|50px||\u00a0\u00bb border_width_top=\u00a0\u00bb4px\u00a0\u00bb border_color_top=\u00a0\u00bb#ffbf00&Prime; border_width_right=\u00a0\u00bb4px\u00a0\u00bb border_color_right=\u00a0\u00bb#ffbf00&Prime; border_width_left=\u00a0\u00bb4px\u00a0\u00bb border_color_left=\u00a0\u00bb#ffbf00&Prime; global_colors_info=\u00a0\u00bb{}\u00a0\u00bb][et_pb_column type=\u00a0\u00bb3_4&Prime; _builder_version=\u00a0\u00bb4.16&Prime; _module_preset=\u00a0\u00bbdefault\u00a0\u00bb custom_css_main_element=\u00a0\u00bbmargin:auto;\u00a0\u00bb global_colors_info=\u00a0\u00bb{}\u00a0\u00bb][et_pb_text _builder_version=\u00a0\u00bb4.16&Prime; _module_preset=\u00a0\u00bbdefault\u00a0\u00bb header_2_font=\u00a0\u00bb|700|||||||\u00a0\u00bb global_colors_info=\u00a0\u00bb{}\u00a0\u00bb]<\/p>\n<h2><span><b>Nous sommes l\u00e0 pour vous<\/b><\/span><\/h2>\n<div><\/div>\n<p>[\/et_pb_text][\/et_pb_column][et_pb_column type=\u00a0\u00bb1_4&Prime; _builder_version=\u00a0\u00bb4.16&Prime; _module_preset=\u00a0\u00bbdefault\u00a0\u00bb global_colors_info=\u00a0\u00bb{}\u00a0\u00bb][et_pb_image src=\u00a0\u00bbhttps:\/\/pathebusiness.ch\/wp-content\/uploads\/2020\/12\/2xIcon_Team@2x.png\u00a0\u00bb title_text=\u00a0\u00bb2xIcon_Team@2x\u00a0\u00bb _builder_version=\u00a0\u00bb4.16&Prime; _module_preset=\u00a0\u00bbdefault\u00a0\u00bb background_enable_color=\u00a0\u00bboff\u00a0\u00bb background_enable_image=\u00a0\u00bboff\u00a0\u00bb max_width=\u00a0\u00bb200px\u00a0\u00bb module_alignment=\u00a0\u00bbright\u00a0\u00bb border_radii=\u00a0\u00bbon|25px|25px|25px|25px\u00a0\u00bb border_width_all=\u00a0\u00bb4px\u00a0\u00bb border_color_all=\u00a0\u00bb#ffbf00&Prime; global_colors_info=\u00a0\u00bb{}\u00a0\u00bb][\/et_pb_image][\/et_pb_column][\/et_pb_row][et_pb_row column_structure=\u00a0\u00bb1_3,1_3,1_3&Prime; _builder_version=\u00a0\u00bb4.16&Prime; _module_preset=\u00a0\u00bbdefault\u00a0\u00bb background_color=\u00a0\u00bb#ffffff\u00a0\u00bb max_width=\u00a0\u00bb1200px\u00a0\u00bb custom_padding=\u00a0\u00bb50px|50px|50px|50px|true|true\u00a0\u00bb border_radii=\u00a0\u00bboff||||\u00a0\u00bb border_width_right=\u00a0\u00bb4px\u00a0\u00bb border_color_right=\u00a0\u00bb#ffbf00&Prime; border_width_left=\u00a0\u00bb4px\u00a0\u00bb border_color_left=\u00a0\u00bb#ffbf00&Prime; global_colors_info=\u00a0\u00bb{}\u00a0\u00bb][et_pb_column type=\u00a0\u00bb1_3&Prime; _builder_version=\u00a0\u00bb4.16&Prime; _module_preset=\u00a0\u00bbdefault\u00a0\u00bb global_colors_info=\u00a0\u00bb{}\u00a0\u00bb][et_pb_image src=\u00a0\u00bbhttps:\/\/pathebusiness.ch\/wp-content\/uploads\/2023\/03\/Yvan-Amez-Droz_sw_02-scaled.jpg\u00a0\u00bb title_text=\u00a0\u00bbPathe Yvan Amez-Droz\u00a0\u00bb _builder_version=\u00a0\u00bb4.20.2&Prime; _module_preset=\u00a0\u00bbdefault\u00a0\u00bb border_radii=\u00a0\u00bbon|50px|50px|50px|50px\u00a0\u00bb border_width_all=\u00a0\u00bb4px\u00a0\u00bb border_color_all=\u00a0\u00bb#ffbf00&Prime; global_colors_info=\u00a0\u00bb{}\u00a0\u00bb][\/et_pb_image][et_pb_text _builder_version=\u00a0\u00bb4.27.6&Prime; _module_preset=\u00a0\u00bbdefault\u00a0\u00bb hover_enabled=\u00a0\u00bb0&Prime; global_colors_info=\u00a0\u00bb{}\u00a0\u00bb sticky_enabled=\u00a0\u00bb0&Prime;]<\/p>\n<h3 style=\"text-align: center;\">Senior Business Sales Manager (Romandie)<\/h3>\n<p style=\"text-align: center;\">Yvan Amez-Droz<\/p>\n<p style=\"text-align: center;\"><a href=\"mailto:yvan.amez-droz@pathe.ch\">yvan.amez-droz@pathe.com<\/a><\/p>\n<p>[\/et_pb_text][et_pb_text _builder_version=\u00a0\u00bb4.16&Prime; _module_preset=\u00a0\u00bbdefault\u00a0\u00bb global_colors_info=\u00a0\u00bb{}\u00a0\u00bb]<\/p>\n<p style=\"font-weight: 400; text-align: center;\">Le phare<\/p>\n<p style=\"text-align: justify;\">Un phare qui vous guidera, vous accompagnera et vous am\u00e8nera \u00e0 bon port. Ainsi votre \u00e9v\u00e9nement mettra en lumi\u00e8re vos plus beaux atours et laissera des \u00e9toiles plein les yeux de vos convives. Il se murmure qu\u2019Yvan fait la meilleure tarte au citron de la r\u00e9gion.<\/p>\n<p>[\/et_pb_text][\/et_pb_column][et_pb_column type=\u00a0\u00bb1_3&Prime; _builder_version=\u00a0\u00bb4.16&Prime; _module_preset=\u00a0\u00bbdefault\u00a0\u00bb global_colors_info=\u00a0\u00bb{}\u00a0\u00bb][et_pb_image src=\u00a0\u00bbhttps:\/\/pathebusiness.ch\/wp-content\/uploads\/2023\/03\/David-Rahm_sw_02-scaled.jpg\u00a0\u00bb title_text=\u00a0\u00bbPathe David Rahm\u00a0\u00bb _builder_version=\u00a0\u00bb4.20.2&Prime; _module_preset=\u00a0\u00bbdefault\u00a0\u00bb border_radii=\u00a0\u00bbon|50px|50px|50px|50px\u00a0\u00bb border_width_all=\u00a0\u00bb4px\u00a0\u00bb border_color_all=\u00a0\u00bb#ffbf00&Prime; global_colors_info=\u00a0\u00bb{}\u00a0\u00bb][\/et_pb_image][et_pb_text _builder_version=\u00a0\u00bb4.27.6&Prime; _module_preset=\u00a0\u00bbdefault\u00a0\u00bb hover_enabled=\u00a0\u00bb0&Prime; global_colors_info=\u00a0\u00bb{}\u00a0\u00bb sticky_enabled=\u00a0\u00bb0&Prime;]<\/p>\n<h3 style=\"text-align: center;\">Head of Path\u00e9 Business<\/h3>\n<p style=\"text-align: center;\">David Rahm<\/p>\n<p style=\"text-align: center;\"><a href=\"mailto:david.rahm@pathe.ch\" target=\"_blank\" rel=\"noopener noreferrer\">david.rahm@pathe.com<\/a><\/p>\n<p>[\/et_pb_text][et_pb_text _builder_version=\u00a0\u00bb4.16&Prime; _module_preset=\u00a0\u00bbdefault\u00a0\u00bb global_colors_info=\u00a0\u00bb{}\u00a0\u00bb]<\/p>\n<p style=\"font-weight: 400; text-align: center;\"><span>Capitaine<\/span><\/p>\n<p style=\"font-weight: 400; text-align: justify;\">\u00c0 l\u2019\u00e9coute tu resteras tel est sa devise, accessibilit\u00e9 et disponibilit\u00e9\u00a0 sont ces pr\u00e9cieuses alli\u00e9es pour mener son \u00e9quipe \u00e0 bon port. La qualit\u00e9 de la prestation du service client est le c\u0153ur de sa strat\u00e9gie.<br \/>Grand passionn\u00e9 de sport il aime glisser et courir apr\u00e8s les d\u00e9fis.<\/p>\n<p>[\/et_pb_text][\/et_pb_column][et_pb_column type=\u00a0\u00bb1_3&Prime; _builder_version=\u00a0\u00bb4.21.0&Prime; _module_preset=\u00a0\u00bbdefault\u00a0\u00bb global_colors_info=\u00a0\u00bb{}\u00a0\u00bb][et_pb_image src=\u00a0\u00bbhttps:\/\/pathebusiness.ch\/wp-content\/uploads\/2023\/05\/Helena-Minaew_sw_02-scaled.jpeg\u00a0\u00bb title_text=\u00a0\u00bbPathe Helena Minaew\u00a0\u00bb _builder_version=\u00a0\u00bb4.21.0&Prime; _module_preset=\u00a0\u00bbdefault\u00a0\u00bb border_radii=\u00a0\u00bbon|50px|50px|50px|50px\u00a0\u00bb border_width_all=\u00a0\u00bb4px\u00a0\u00bb border_color_all=\u00a0\u00bb#ffbf00&Prime; global_colors_info=\u00a0\u00bb{}\u00a0\u00bb][\/et_pb_image][et_pb_text _builder_version=\u00a0\u00bb4.27.6&Prime; _module_preset=\u00a0\u00bbdefault\u00a0\u00bb hover_enabled=\u00a0\u00bb0&Prime; global_colors_info=\u00a0\u00bb{}\u00a0\u00bb sticky_enabled=\u00a0\u00bb0&Prime;]<\/p>\n<h3 style=\"text-align: center;\">Business Sales Manager<\/h3>\n<p style=\"text-align: center;\"><span>Helena De La Cruz Gal\u00e1n<\/span><\/p>\n<p style=\"text-align: center;\"><a href=\"mailto:Helena.DeLaCruzGalan@pathe.ch\" target=\"_blank\" rel=\"noopener noreferrer\">helena.delacruzgalan@pathe.com<\/a><\/p>\n<p>[\/et_pb_text][et_pb_text _builder_version=\u00a0\u00bb4.23&Prime; _module_preset=\u00a0\u00bbdefault\u00a0\u00bb global_colors_info=\u00a0\u00bb{}\u00a0\u00bb]<\/p>\n<p class=\"p1\" style=\"text-align: center;\">La boussole<\/p>\n<p class=\"p1\" style=\"text-align: justify;\">Enthousiasme, soutiens et planification individuelle sont les ma\u00eetres mots d\u2019un moment inoubliable. Telle une boussole Helena garde toujours le cap vers un \u00e9v\u00e9nement fascinant et riche en d\u00e9tails qui feront la diff\u00e9rence. Helena aime voyager et d\u00e9couvrir le monde.<\/p>\n<p class=\"p2\">\n<p>[\/et_pb_text][\/et_pb_column][\/et_pb_row][et_pb_row column_structure=\u00a0\u00bb1_2,1_2&Prime; use_custom_gutter=\u00a0\u00bbon\u00a0\u00bb gutter_width=\u00a0\u00bb1&Prime; make_equal=\u00a0\u00bbon\u00a0\u00bb module_class=\u00a0\u00bbalternativen\u00a0\u00bb _builder_version=\u00a0\u00bb4.16&Prime; _module_preset=\u00a0\u00bbdefault\u00a0\u00bb background_color=\u00a0\u00bb#ffffff\u00a0\u00bb max_width=\u00a0\u00bb1200px\u00a0\u00bb custom_padding=\u00a0\u00bb50px|50px|50px|50px|true|true\u00a0\u00bb border_radii=\u00a0\u00bboff||||50px\u00a0\u00bb border_width_right=\u00a0\u00bb4px\u00a0\u00bb border_color_right=\u00a0\u00bb#ffbf00&Prime; border_width_bottom=\u00a0\u00bb4px\u00a0\u00bb border_color_bottom=\u00a0\u00bb#ffbf00&Prime; border_width_left=\u00a0\u00bb4px\u00a0\u00bb border_color_left=\u00a0\u00bb#ffbf00&Prime; global_colors_info=\u00a0\u00bb{}\u00a0\u00bb][et_pb_column type=\u00a0\u00bb1_2&Prime; _builder_version=\u00a0\u00bb4.16&Prime; _module_preset=\u00a0\u00bbdefault\u00a0\u00bb background_color=\u00a0\u00bb#ffbf00&Prime; custom_padding=\u00a0\u00bb50px|50px|50px|50px|true|true\u00a0\u00bb border_radii=\u00a0\u00bboff|50px|||50px\u00a0\u00bb border_color_all=\u00a0\u00bb#ffbf00&Prime; border_width_top=\u00a0\u00bb4px\u00a0\u00bb border_width_bottom=\u00a0\u00bb4px\u00a0\u00bb border_width_left=\u00a0\u00bb4px\u00a0\u00bb global_colors_info=\u00a0\u00bb{}\u00a0\u00bb][et_pb_text _builder_version=\u00a0\u00bb4.16&Prime; _module_preset=\u00a0\u00bbdefault\u00a0\u00bb global_colors_info=\u00a0\u00bb{}\u00a0\u00bb]<\/p>\n<h2><b><span>NOUS VOUS PROPOSONS D\u2019AUTRES ALTERNATIVES :<\/span><\/b><\/h2>\n<p><span>Informez-vous d\u00e8s aujourd\u2019hui sur toutes nos offres r\u00e9serv\u00e9es\u00a0aux entreprises.<\/span><\/p>\n<p>&nbsp;<\/p>\n<p>[\/et_pb_text][et_pb_text _builder_version=\u00a0\u00bb4.16&Prime; _module_preset=\u00a0\u00bbdefault\u00a0\u00bb link_text_color=\u00a0\u00bb#000000&Prime; ul_font=\u00a0\u00bbTrade Gothic Bold|||on|||||\u00a0\u00bb ul_font_size=\u00a0\u00bb24px\u00a0\u00bb ul_line_height=\u00a0\u00bb1.5em\u00a0\u00bb locked=\u00a0\u00bboff\u00a0\u00bb global_colors_info=\u00a0\u00bb{}\u00a0\u00bb]<\/p>\n<ul>\n<li><a href=\"https:\/\/pathebusiness.ch\/fr\/projection-privee\/\">Projection priv\u00e9e<\/a><\/li>\n<li><a href=\"https:\/\/pathebusiness.ch\/fr\/location-de-salles-et-de-cinemas\/\">Location de salles et de cin\u00c9mas<\/a><\/li>\n<li><a href=\"https:\/\/pathebusiness.ch\/fr\/cadeaux\/\">Ch\u00e8ques-cadeaux cin\u00e9ma<\/a><\/li>\n<li><a href=\"https:\/\/pathebusiness.ch\/fr\/publicite\/\">Publicit\u00c9<\/a><\/li>\n<li><a href=\"https:\/\/pathebusiness.ch\/fr\/formulairedecontact\">Votre \u00e9v\u00e8nement personnalis\u00e9<\/a><\/li>\n<\/ul>\n<p>[\/et_pb_text][\/et_pb_column][et_pb_column type=\u00a0\u00bb1_2&Prime; _builder_version=\u00a0\u00bb4.16&Prime; _module_preset=\u00a0\u00bbdefault\u00a0\u00bb background_color=\u00a0\u00bb#ffbf00&Prime; custom_padding=\u00a0\u00bb50px|50px|50px|50px|true|true\u00a0\u00bb border_radii=\u00a0\u00bboff||50px||\u00a0\u00bb border_color_all=\u00a0\u00bb#ffbf00&Prime; border_width_top=\u00a0\u00bb4px\u00a0\u00bb border_width_right=\u00a0\u00bb4px\u00a0\u00bb border_width_bottom=\u00a0\u00bb4px\u00a0\u00bb global_colors_info=\u00a0\u00bb{}\u00a0\u00bb][et_pb_image src=\u00a0\u00bbhttps:\/\/pathebusiness.ch\/wp-content\/uploads\/2020\/11\/pathe-logo.svg\u00a0\u00bb title_text=\u00a0\u00bbpathe-logo\u00a0\u00bb _builder_version=\u00a0\u00bb4.16&Prime; _module_preset=\u00a0\u00bbdefault\u00a0\u00bb width=\u00a0\u00bb150px\u00a0\u00bb module_alignment=\u00a0\u00bbcenter\u00a0\u00bb custom_margin=\u00a0\u00bb||25px||false|false\u00a0\u00bb global_colors_info=\u00a0\u00bb{}\u00a0\u00bb][\/et_pb_image][et_pb_text _builder_version=\u00a0\u00bb4.16&Prime; _module_preset=\u00a0\u00bbdefault\u00a0\u00bb global_colors_info=\u00a0\u00bb{}\u00a0\u00bb]<\/p>\n<p class=\"p1\" style=\"text-align: center;\"><strong>Vous voulez une diffusion de votre contenu digne d\u2019Hollywood ?<span class=\"Apple-converted-space\">\u00a0<\/span><\/strong><\/p>\n<p class=\"p1\" style=\"text-align: center;\"><strong>Nous savons quoi faire pour cela :<\/strong><\/p>\n<p>[\/et_pb_text][et_pb_button button_url=\u00a0\u00bb@ET-DC@eyJkeW5hbWljIjp0cnVlLCJjb250ZW50IjoicG9zdF9saW5rX3VybF9wYWdlIiwic2V0dGluZ3MiOnsicG9zdF9pZCI6Ijc1In19@\u00a0\u00bb button_text=\u00a0\u00bbEn savoir plus\u00a0\u00bb button_alignment=\u00a0\u00bbcenter\u00a0\u00bb _builder_version=\u00a0\u00bb4.16&Prime; _dynamic_attributes=\u00a0\u00bbbutton_url\u00a0\u00bb _module_preset=\u00a0\u00bbdefault\u00a0\u00bb custom_button=\u00a0\u00bbon\u00a0\u00bb button_text_color=\u00a0\u00bb#ffffff\u00a0\u00bb button_bg_color=\u00a0\u00bb#000000&Prime; button_border_color=\u00a0\u00bb#000000&Prime; button_border_radius=\u00a0\u00bb10px\u00a0\u00bb custom_margin=\u00a0\u00bb25px||||false|false\u00a0\u00bb global_colors_info=\u00a0\u00bb{}\u00a0\u00bb][\/et_pb_button][\/et_pb_column][\/et_pb_row][et_pb_row _builder_version=\u00a0\u00bb4.16&Prime; _module_preset=\u00a0\u00bbdefault\u00a0\u00bb positioning=\u00a0\u00bbabsolute\u00a0\u00bb position_origin_a=\u00a0\u00bbbottom_left\u00a0\u00bb horizontal_offset=\u00a0\u00bb15%\u00a0\u00bb custom_padding=\u00a0\u00bb0px||0px||false|false\u00a0\u00bb global_colors_info=\u00a0\u00bb{}\u00a0\u00bb][et_pb_column type=\u00a0\u00bb4_4&Prime; _builder_version=\u00a0\u00bb4.16&Prime; _module_preset=\u00a0\u00bbdefault\u00a0\u00bb global_colors_info=\u00a0\u00bb{}\u00a0\u00bb][et_pb_image src=\u00a0\u00bbhttps:\/\/pathebusiness.ch\/wp-content\/uploads\/2020\/11\/Charlie-Footer.svg\u00a0\u00bb title_text=\u00a0\u00bbCharlie-Footer\u00a0\u00bb _builder_version=\u00a0\u00bb4.16&Prime; _module_preset=\u00a0\u00bbdefault\u00a0\u00bb positioning=\u00a0\u00bbrelative\u00a0\u00bb position_origin_r=\u00a0\u00bbbottom_left\u00a0\u00bb max_width=\u00a0\u00bb150px\u00a0\u00bb global_colors_info=\u00a0\u00bb{}\u00a0\u00bb][\/et_pb_image][\/et_pb_column][\/et_pb_row][\/et_pb_section]<\/p>\n","protected":false},"excerpt":{"rendered":"<p>Nous sommes l\u00e0 pour vous Senior Business Sales Manager (Romandie) Yvan Amez-Droz yvan.amez-droz@pathe.comLe phare Un phare qui vous guidera, vous accompagnera et vous am\u00e8nera \u00e0 bon port. Ainsi votre \u00e9v\u00e9nement mettra en lumi\u00e8re vos plus beaux atours et laissera des \u00e9toiles plein les yeux de vos convives. Il se murmure qu\u2019Yvan fait la meilleure tarte [&hellip;]<\/p>\n","protected":false},"author":5,"featured_media":0,"parent":0,"menu_order":0,"comment_status":"closed","ping_status":"closed","template":"","meta":{"_et_pb_use_builder":"on","_et_pb_old_content":"","_et_gb_content_width":"","footnotes":""},"dipi_cpt_category":[],"class_list":["post-1609","page","type-page","status-publish","hentry"],"yoast_head":"<!-- This site is optimized with the Yoast SEO plugin v27.4 - https:\/\/yoast.com\/product\/yoast-seo-wordpress\/ -->\n<title>\u00c9quipe - Path\u00e9 Business<\/title>\n<meta name=\"robots\" content=\"index, follow, max-snippet:-1, max-image-preview:large, max-video-preview:-1\" \/>\n<link rel=\"canonical\" href=\"https:\/\/pathebusiness.ch\/fr\/equipe\/\" \/>\n<meta property=\"og:locale\" content=\"fr_FR\" \/>\n<meta property=\"og:type\" content=\"article\" \/>\n<meta property=\"og:title\" content=\"\u00c9quipe - Path\u00e9 Business\" \/>\n<meta property=\"og:description\" content=\"Nous sommes l\u00e0 pour vous Senior Business Sales Manager (Romandie) Yvan Amez-Droz yvan.amez-droz@pathe.comLe phare Un phare qui vous guidera, vous accompagnera et vous am\u00e8nera \u00e0 bon port. Ainsi votre \u00e9v\u00e9nement mettra en lumi\u00e8re vos plus beaux atours et laissera des \u00e9toiles plein les yeux de vos convives. Il se murmure qu\u2019Yvan fait la meilleure tarte [&hellip;]\" \/>\n<meta property=\"og:url\" content=\"https:\/\/pathebusiness.ch\/fr\/equipe\/\" \/>\n<meta property=\"og:site_name\" content=\"Path\u00e9 Business\" \/>\n<meta property=\"article:modified_time\" content=\"2026-03-27T15:25:43+00:00\" \/>\n<meta name=\"twitter:card\" content=\"summary_large_image\" \/>\n<meta name=\"twitter:label1\" content=\"Dur\u00e9e de lecture estim\u00e9e\" \/>\n\t<meta name=\"twitter:data1\" content=\"2 minutes\" \/>\n<script type=\"application\/ld+json\" class=\"yoast-schema-graph\">{\"@context\":\"https:\\\/\\\/schema.org\",\"@graph\":[{\"@type\":\"WebPage\",\"@id\":\"https:\\\/\\\/pathebusiness.ch\\\/fr\\\/equipe\\\/\",\"url\":\"https:\\\/\\\/pathebusiness.ch\\\/fr\\\/equipe\\\/\",\"name\":\"\u00c9quipe - Path\u00e9 Business\",\"isPartOf\":{\"@id\":\"https:\\\/\\\/pathebusiness.ch\\\/fr\\\/#website\"},\"datePublished\":\"2021-02-22T09:22:27+00:00\",\"dateModified\":\"2026-03-27T15:25:43+00:00\",\"breadcrumb\":{\"@id\":\"https:\\\/\\\/pathebusiness.ch\\\/fr\\\/equipe\\\/#breadcrumb\"},\"inLanguage\":\"fr-FR\",\"potentialAction\":[{\"@type\":\"ReadAction\",\"target\":[\"https:\\\/\\\/pathebusiness.ch\\\/fr\\\/equipe\\\/\"]}]},{\"@type\":\"BreadcrumbList\",\"@id\":\"https:\\\/\\\/pathebusiness.ch\\\/fr\\\/equipe\\\/#breadcrumb\",\"itemListElement\":[{\"@type\":\"ListItem\",\"position\":1,\"name\":\"Startseite\",\"item\":\"https:\\\/\\\/pathebusiness.ch\\\/fr\\\/\"},{\"@type\":\"ListItem\",\"position\":2,\"name\":\"\u00c9quipe\"}]},{\"@type\":\"WebSite\",\"@id\":\"https:\\\/\\\/pathebusiness.ch\\\/fr\\\/#website\",\"url\":\"https:\\\/\\\/pathebusiness.ch\\\/fr\\\/\",\"name\":\"Path\u00e9 Business\",\"description\":\"\",\"potentialAction\":[{\"@type\":\"SearchAction\",\"target\":{\"@type\":\"EntryPoint\",\"urlTemplate\":\"https:\\\/\\\/pathebusiness.ch\\\/fr\\\/?s={search_term_string}\"},\"query-input\":{\"@type\":\"PropertyValueSpecification\",\"valueRequired\":true,\"valueName\":\"search_term_string\"}}],\"inLanguage\":\"fr-FR\"}]}<\/script>\n<!-- \/ Yoast SEO plugin. -->","yoast_head_json":{"title":"\u00c9quipe - Path\u00e9 Business","robots":{"index":"index","follow":"follow","max-snippet":"max-snippet:-1","max-image-preview":"max-image-preview:large","max-video-preview":"max-video-preview:-1"},"canonical":"https:\/\/pathebusiness.ch\/fr\/equipe\/","og_locale":"fr_FR","og_type":"article","og_title":"\u00c9quipe - Path\u00e9 Business","og_description":"Nous sommes l\u00e0 pour vous Senior Business Sales Manager (Romandie) Yvan Amez-Droz yvan.amez-droz@pathe.comLe phare Un phare qui vous guidera, vous accompagnera et vous am\u00e8nera \u00e0 bon port. Ainsi votre \u00e9v\u00e9nement mettra en lumi\u00e8re vos plus beaux atours et laissera des \u00e9toiles plein les yeux de vos convives. Il se murmure qu\u2019Yvan fait la meilleure tarte [&hellip;]","og_url":"https:\/\/pathebusiness.ch\/fr\/equipe\/","og_site_name":"Path\u00e9 Business","article_modified_time":"2026-03-27T15:25:43+00:00","twitter_card":"summary_large_image","twitter_misc":{"Dur\u00e9e de lecture estim\u00e9e":"2 minutes"},"schema":{"@context":"https:\/\/schema.org","@graph":[{"@type":"WebPage","@id":"https:\/\/pathebusiness.ch\/fr\/equipe\/","url":"https:\/\/pathebusiness.ch\/fr\/equipe\/","name":"\u00c9quipe - Path\u00e9 Business","isPartOf":{"@id":"https:\/\/pathebusiness.ch\/fr\/#website"},"datePublished":"2021-02-22T09:22:27+00:00","dateModified":"2026-03-27T15:25:43+00:00","breadcrumb":{"@id":"https:\/\/pathebusiness.ch\/fr\/equipe\/#breadcrumb"},"inLanguage":"fr-FR","potentialAction":[{"@type":"ReadAction","target":["https:\/\/pathebusiness.ch\/fr\/equipe\/"]}]},{"@type":"BreadcrumbList","@id":"https:\/\/pathebusiness.ch\/fr\/equipe\/#breadcrumb","itemListElement":[{"@type":"ListItem","position":1,"name":"Startseite","item":"https:\/\/pathebusiness.ch\/fr\/"},{"@type":"ListItem","position":2,"name":"\u00c9quipe"}]},{"@type":"WebSite","@id":"https:\/\/pathebusiness.ch\/fr\/#website","url":"https:\/\/pathebusiness.ch\/fr\/","name":"Path\u00e9 Business","description":"","potentialAction":[{"@type":"SearchAction","target":{"@type":"EntryPoint","urlTemplate":"https:\/\/pathebusiness.ch\/fr\/?s={search_term_string}"},"query-input":{"@type":"PropertyValueSpecification","valueRequired":true,"valueName":"search_term_string"}}],"inLanguage":"fr-FR"}]}},"_links":{"self":[{"href":"https:\/\/pathebusiness.ch\/fr\/wp-json\/wp\/v2\/pages\/1609","targetHints":{"allow":["GET"]}}],"collection":[{"href":"https:\/\/pathebusiness.ch\/fr\/wp-json\/wp\/v2\/pages"}],"about":[{"href":"https:\/\/pathebusiness.ch\/fr\/wp-json\/wp\/v2\/types\/page"}],"author":[{"embeddable":true,"href":"https:\/\/pathebusiness.ch\/fr\/wp-json\/wp\/v2\/users\/5"}],"replies":[{"embeddable":true,"href":"https:\/\/pathebusiness.ch\/fr\/wp-json\/wp\/v2\/comments?post=1609"}],"version-history":[{"count":20,"href":"https:\/\/pathebusiness.ch\/fr\/wp-json\/wp\/v2\/pages\/1609\/revisions"}],"predecessor-version":[{"id":5612,"href":"https:\/\/pathebusiness.ch\/fr\/wp-json\/wp\/v2\/pages\/1609\/revisions\/5612"}],"wp:attachment":[{"href":"https:\/\/pathebusiness.ch\/fr\/wp-json\/wp\/v2\/media?parent=1609"}],"wp:term":[{"taxonomy":"dipi_cpt_category","embeddable":true,"href":"https:\/\/pathebusiness.ch\/fr\/wp-json\/wp\/v2\/dipi_cpt_category?post=1609"}],"curies":[{"name":"wp","href":"https:\/\/api.w.org\/{rel}","templated":true}]}}