{"id":1342,"date":"2021-02-11T14:30:25","date_gmt":"2021-02-11T13:30:25","guid":{"rendered":"https:\/\/pathebusiness.ch\/?page_id=1342"},"modified":"2023-11-24T11:01:34","modified_gmt":"2023-11-24T10:01:34","slug":"publicite","status":"publish","type":"page","link":"https:\/\/pathebusiness.ch\/fr\/publicite\/","title":{"rendered":"PUBLICIT\u00c9"},"content":{"rendered":"<p>[et_pb_section fb_built=\u00a0\u00bb1&Prime; fullwidth=\u00a0\u00bbon\u00a0\u00bb _builder_version=\u00a0\u00bb4.16&Prime; _module_preset=\u00a0\u00bbdefault\u00a0\u00bb global_colors_info=\u00a0\u00bb{}\u00a0\u00bb][et_pb_fullwidth_slider show_pagination=\u00a0\u00bboff\u00a0\u00bb module_class=\u00a0\u00bbheader-mit-rand\u00a0\u00bb _builder_version=\u00a0\u00bb4.16&Prime; _module_preset=\u00a0\u00bbdefault\u00a0\u00bb header_font_size=\u00a0\u00bb30px\u00a0\u00bb height=\u00a0\u00bb100%\u00a0\u00bb max_height=\u00a0\u00bb80vh\u00a0\u00bb custom_padding=\u00a0\u00bb50px||40px||false|false\u00a0\u00bb auto=\u00a0\u00bbon\u00a0\u00bb auto_speed=\u00a0\u00bb5000&Prime; auto_ignore_hover=\u00a0\u00bbon\u00a0\u00bb link_option_url=\u00a0\u00bb#content\u00a0\u00bb custom_css_slide_description=\u00a0\u00bbmax-width:800px;||padding-left:25px;||padding-right:25px;||margin-top:20%;||margin-bottom:20%;||-moz-animation: none;||-webkit-animation: none;||-o-animation: none;||-ms-animation: none;||animation: none;\u00a0\u00bb global_colors_info=\u00a0\u00bb{}\u00a0\u00bb custom_css_slide_description__hover_enabled=\u00a0\u00bboff|desktop\u00a0\u00bb][et_pb_slide heading=\u00a0\u00bbPUBLICIT\u00c9\u00a0\u00bb _builder_version=\u00a0\u00bb4.16&Prime; _module_preset=\u00a0\u00bbdefault\u00a0\u00bb background_enable_color=\u00a0\u00bboff\u00a0\u00bb background_image=\u00a0\u00bbhttps:\/\/pathebusiness.ch\/wp-content\/uploads\/2020\/11\/Pathe-Business-Inhouse-Werbung-1.jpg\u00a0\u00bb background_enable_image=\u00a0\u00bbon\u00a0\u00bb global_colors_info=\u00a0\u00bb{}\u00a0\u00bb sticky_transition=\u00a0\u00bbon\u00a0\u00bb][\/et_pb_slide][et_pb_slide heading=\u00a0\u00bbPUBLICIT\u00c9\u00a0\u00bb _builder_version=\u00a0\u00bb4.16&Prime; _module_preset=\u00a0\u00bbdefault\u00a0\u00bb background_enable_color=\u00a0\u00bboff\u00a0\u00bb background_image=\u00a0\u00bbhttps:\/\/pathebusiness.ch\/wp-content\/uploads\/2020\/11\/Pathe-Business-Inhouse-Werbung-2.jpg\u00a0\u00bb background_enable_image=\u00a0\u00bbon\u00a0\u00bb global_colors_info=\u00a0\u00bb{}\u00a0\u00bb sticky_transition=\u00a0\u00bbon\u00a0\u00bb][\/et_pb_slide][et_pb_slide heading=\u00a0\u00bbPUBLICIT\u00c9\u00a0\u00bb _builder_version=\u00a0\u00bb4.16&Prime; _module_preset=\u00a0\u00bbdefault\u00a0\u00bb background_enable_color=\u00a0\u00bboff\u00a0\u00bb background_image=\u00a0\u00bbhttps:\/\/pathebusiness.ch\/wp-content\/uploads\/2020\/11\/Pathe-Business-Inhouse-Werbung-3.jpg\u00a0\u00bb background_enable_image=\u00a0\u00bbon\u00a0\u00bb global_colors_info=\u00a0\u00bb{}\u00a0\u00bb sticky_transition=\u00a0\u00bbon\u00a0\u00bb][\/et_pb_slide][et_pb_slide heading=\u00a0\u00bbPUBLICIT\u00c9\u00a0\u00bb _builder_version=\u00a0\u00bb4.16&Prime; _module_preset=\u00a0\u00bbdefault\u00a0\u00bb background_enable_color=\u00a0\u00bboff\u00a0\u00bb background_image=\u00a0\u00bbhttps:\/\/pathebusiness.ch\/wp-content\/uploads\/2020\/11\/Pathe-Business-Inhouse-Werbung-4.jpg\u00a0\u00bb background_enable_image=\u00a0\u00bbon\u00a0\u00bb global_colors_info=\u00a0\u00bb{}\u00a0\u00bb sticky_transition=\u00a0\u00bbon\u00a0\u00bb][\/et_pb_slide][\/et_pb_fullwidth_slider][\/et_pb_section][et_pb_section fb_built=\u00a0\u00bb1&Prime; module_id=\u00a0\u00bbcontent\u00a0\u00bb _builder_version=\u00a0\u00bb4.16&Prime; _module_preset=\u00a0\u00bbdefault\u00a0\u00bb background_color=\u00a0\u00bb#999999&Prime; global_colors_info=\u00a0\u00bb{}\u00a0\u00bb][et_pb_row column_structure=\u00a0\u00bb3_4,1_4&Prime; _builder_version=\u00a0\u00bb4.16&Prime; _module_preset=\u00a0\u00bbdefault\u00a0\u00bb background_color=\u00a0\u00bb#ffffff\u00a0\u00bb max_width=\u00a0\u00bb1200px\u00a0\u00bb custom_padding=\u00a0\u00bb50px|50px|50px|50px|true|true\u00a0\u00bb custom_css_main_element=\u00a0\u00bbdisplay:flex;\u00a0\u00bb border_radii=\u00a0\u00bboff|50px|50px||\u00a0\u00bb border_width_top=\u00a0\u00bb4px\u00a0\u00bb border_color_top=\u00a0\u00bb#ffbf00&Prime; border_width_right=\u00a0\u00bb4px\u00a0\u00bb border_color_right=\u00a0\u00bb#ffbf00&Prime; border_width_left=\u00a0\u00bb4px\u00a0\u00bb border_color_left=\u00a0\u00bb#ffbf00&Prime; global_colors_info=\u00a0\u00bb{}\u00a0\u00bb][et_pb_column type=\u00a0\u00bb3_4&Prime; _builder_version=\u00a0\u00bb4.16&Prime; _module_preset=\u00a0\u00bbdefault\u00a0\u00bb custom_css_main_element=\u00a0\u00bbmargin:auto;\u00a0\u00bb global_colors_info=\u00a0\u00bb{}\u00a0\u00bb][et_pb_text _builder_version=\u00a0\u00bb4.16&Prime; _module_preset=\u00a0\u00bbdefault\u00a0\u00bb header_2_font=\u00a0\u00bb|700|||||||\u00a0\u00bb global_colors_info=\u00a0\u00bb{}\u00a0\u00bb]<\/p>\n<h2 class=\"p1\">POSSIBILIT\u00c9S DE PUBLICIT\u00c9S UNIQUES POUR ENTREPRISES.<\/h2>\n<p>[\/et_pb_text][\/et_pb_column][et_pb_column type=\u00a0\u00bb1_4&Prime; _builder_version=\u00a0\u00bb4.16&Prime; _module_preset=\u00a0\u00bbdefault\u00a0\u00bb global_colors_info=\u00a0\u00bb{}\u00a0\u00bb][et_pb_image src=\u00a0\u00bbhttps:\/\/pathebusiness.ch\/wp-content\/uploads\/2020\/12\/2xIcon_Werbung@2x.png\u00a0\u00bb title_text=\u00a0\u00bb2xIcon_Werbung@2x\u00a0\u00bb _builder_version=\u00a0\u00bb4.16&Prime; _module_preset=\u00a0\u00bbdefault\u00a0\u00bb background_enable_color=\u00a0\u00bboff\u00a0\u00bb background_enable_image=\u00a0\u00bboff\u00a0\u00bb max_width=\u00a0\u00bb200px\u00a0\u00bb module_alignment=\u00a0\u00bbright\u00a0\u00bb border_radii=\u00a0\u00bbon|25px|25px|25px|25px\u00a0\u00bb border_width_all=\u00a0\u00bb4px\u00a0\u00bb border_color_all=\u00a0\u00bb#ffbf00&Prime; global_colors_info=\u00a0\u00bb{}\u00a0\u00bb][\/et_pb_image][\/et_pb_column][\/et_pb_row][et_pb_row column_structure=\u00a0\u00bb1_2,1_2&Prime; _builder_version=\u00a0\u00bb4.16&Prime; _module_preset=\u00a0\u00bbdefault\u00a0\u00bb background_color=\u00a0\u00bb#ffffff\u00a0\u00bb max_width=\u00a0\u00bb1200px\u00a0\u00bb custom_padding=\u00a0\u00bb50px|50px|50px|50px|true|true\u00a0\u00bb border_radii=\u00a0\u00bboff||||\u00a0\u00bb border_width_right=\u00a0\u00bb4px\u00a0\u00bb border_color_right=\u00a0\u00bb#ffbf00&Prime; border_color_bottom=\u00a0\u00bb#ffbf00&Prime; border_width_left=\u00a0\u00bb4px\u00a0\u00bb border_color_left=\u00a0\u00bb#ffbf00&Prime; global_colors_info=\u00a0\u00bb{}\u00a0\u00bb][et_pb_column type=\u00a0\u00bb1_2&Prime; _builder_version=\u00a0\u00bb4.16&Prime; _module_preset=\u00a0\u00bbdefault\u00a0\u00bb global_colors_info=\u00a0\u00bb{}\u00a0\u00bb][et_pb_text _builder_version=\u00a0\u00bb4.16&Prime; _module_preset=\u00a0\u00bbdefault\u00a0\u00bb global_colors_info=\u00a0\u00bb{}\u00a0\u00bb]<\/p>\n<p class=\"p1\">Votre message publicitaire avec une image et une acoustique d\u2019une qualit\u00e9 <span class=\"s1\">cin\u00e9matographique<\/span> dans le meilleur environnement, jusqu&rsquo;\u00e0 3 millions de visiteurs annuel.<\/p>\n<p class=\"p1\">Nous proposons aux entreprises une large gamme de solutions publicitaires incluant des campagnes d\u2019affichages sur nos \u00e9crans, mais aussi sur nos paquets de popcorn ou encore sur nos si\u00e8ges. Vous pouvez promouvoir votre entreprise et votre produit avec nous.<\/p>\n<p>[\/et_pb_text][\/et_pb_column][et_pb_column type=\u00a0\u00bb1_2&Prime; _builder_version=\u00a0\u00bb4.16&Prime; _module_preset=\u00a0\u00bbdefault\u00a0\u00bb global_colors_info=\u00a0\u00bb{}\u00a0\u00bb][et_pb_text _builder_version=\u00a0\u00bb4.16&Prime; _module_preset=\u00a0\u00bbdefault\u00a0\u00bb ul_line_height=\u00a0\u00bb1.8em\u00a0\u00bb global_colors_info=\u00a0\u00bb{}\u00a0\u00bb]<\/p>\n<h4 class=\"p1\">Nos atouts:<\/h4>\n<ul>\n<li class=\"li1\"><span class=\"s1\"><\/span>7 cin\u00e9mas dans toute la Suisse<\/li>\n<li class=\"li1\"><span class=\"s1\"><\/span><span class=\"s2\">Environ 8\u2019800 m\u00b2 d\u2019espace publicitaire sur 71 \u00e9crans<\/span><\/li>\n<li class=\"li1\"><span class=\"s1\"><\/span><span class=\"s2\">Plus de 310 \u00e9crans num\u00e9riques<\/span><\/li>\n<li class=\"li1\"><span class=\"s1\"><\/span>Au total 460 d\u2019espace publicitaires<\/li>\n<\/ul>\n<p>[\/et_pb_text][\/et_pb_column][\/et_pb_row][et_pb_row column_structure=\u00a0\u00bb1_2,1_2&Prime; use_custom_gutter=\u00a0\u00bbon\u00a0\u00bb gutter_width=\u00a0\u00bb1&Prime; make_equal=\u00a0\u00bbon\u00a0\u00bb _builder_version=\u00a0\u00bb4.16&Prime; _module_preset=\u00a0\u00bbdefault\u00a0\u00bb background_color=\u00a0\u00bb#ffffff\u00a0\u00bb max_width=\u00a0\u00bb1200px\u00a0\u00bb custom_padding=\u00a0\u00bb50px|50px|50px|50px|true|true\u00a0\u00bb border_radii=\u00a0\u00bboff||||\u00a0\u00bb border_width_right=\u00a0\u00bb4px\u00a0\u00bb border_color_right=\u00a0\u00bb#ffbf00&Prime; border_width_left=\u00a0\u00bb4px\u00a0\u00bb border_color_left=\u00a0\u00bb#ffbf00&Prime; global_colors_info=\u00a0\u00bb{}\u00a0\u00bb][et_pb_column type=\u00a0\u00bb1_2&Prime; _builder_version=\u00a0\u00bb4.16&Prime; _module_preset=\u00a0\u00bbdefault\u00a0\u00bb custom_padding=\u00a0\u00bb25px|10%|25px|10%|true|true\u00a0\u00bb border_radii=\u00a0\u00bboff|25px|||25px\u00a0\u00bb border_width_all=\u00a0\u00bb4px\u00a0\u00bb border_color_all=\u00a0\u00bb#ffbf00&Prime; border_width_right=\u00a0\u00bb0px\u00a0\u00bb border_width_all_tablet=\u00a0\u00bb0px\u00a0\u00bb border_width_all_phone=\u00a0\u00bb\u00a0\u00bb border_width_all_last_edited=\u00a0\u00bbon|tablet\u00a0\u00bb global_colors_info=\u00a0\u00bb{}\u00a0\u00bb][et_pb_text _builder_version=\u00a0\u00bb4.16&Prime; _module_preset=\u00a0\u00bbdefault\u00a0\u00bb text_orientation=\u00a0\u00bbcenter\u00a0\u00bb global_colors_info=\u00a0\u00bb{}\u00a0\u00bb]<\/p>\n<p class=\"p1\"><strong>Vous vous int\u00e9ressez \u00e0 la publicit\u00e9 sur nos \u00e9crans ?<\/strong><\/p>\n<p class=\"p1\"><strong>Alors contactez notre partenaire Weischer.Cinema.<\/strong><\/p>\n<p class=\"p1\">[\/et_pb_text][\/et_pb_column][et_pb_column type=\u00a0\u00bb1_2&Prime; _builder_version=\u00a0\u00bb4.16&Prime; _module_preset=\u00a0\u00bbdefault\u00a0\u00bb custom_padding=\u00a0\u00bb25px|10%|25px|10%|true|true\u00a0\u00bb border_radii=\u00a0\u00bboff||25px||\u00a0\u00bb border_width_all=\u00a0\u00bb4px\u00a0\u00bb border_color_all=\u00a0\u00bb#ffbf00&Prime; border_width_left=\u00a0\u00bb0px\u00a0\u00bb border_width_all_tablet=\u00a0\u00bb0px\u00a0\u00bb border_width_all_phone=\u00a0\u00bb\u00a0\u00bb border_width_all_last_edited=\u00a0\u00bbon|tablet\u00a0\u00bb global_colors_info=\u00a0\u00bb{}\u00a0\u00bb][et_pb_button button_url=\u00a0\u00bbhttps:\/\/weischer.media\/fr\/ch\/\u00a0\u00bb url_new_window=\u00a0\u00bbon\u00a0\u00bb button_text=\u00a0\u00bbWeischer.Cinema\u00a0\u00bb button_alignment=\u00a0\u00bbcenter\u00a0\u00bb _builder_version=\u00a0\u00bb4.16&Prime; _module_preset=\u00a0\u00bbdefault\u00a0\u00bb custom_button=\u00a0\u00bbon\u00a0\u00bb button_text_color=\u00a0\u00bb#ffffff\u00a0\u00bb button_bg_color=\u00a0\u00bb#000000&Prime; button_border_color=\u00a0\u00bb#000000&Prime; button_border_radius=\u00a0\u00bb10px\u00a0\u00bb global_colors_info=\u00a0\u00bb{}\u00a0\u00bb][\/et_pb_button][\/et_pb_column][\/et_pb_row][et_pb_row column_structure=\u00a0\u00bb1_2,1_2&Prime; use_custom_gutter=\u00a0\u00bbon\u00a0\u00bb gutter_width=\u00a0\u00bb1&Prime; make_equal=\u00a0\u00bbon\u00a0\u00bb module_class=\u00a0\u00bbalternativen\u00a0\u00bb _builder_version=\u00a0\u00bb4.16&Prime; _module_preset=\u00a0\u00bbdefault\u00a0\u00bb background_color=\u00a0\u00bb#ffffff\u00a0\u00bb max_width=\u00a0\u00bb1200px\u00a0\u00bb custom_padding=\u00a0\u00bb50px|50px|50px|50px|true|true\u00a0\u00bb border_radii=\u00a0\u00bboff||||\u00a0\u00bb border_width_right=\u00a0\u00bb4px\u00a0\u00bb border_color_right=\u00a0\u00bb#ffbf00&Prime; border_width_left=\u00a0\u00bb4px\u00a0\u00bb border_color_left=\u00a0\u00bb#ffbf00&Prime; global_colors_info=\u00a0\u00bb{}\u00a0\u00bb][et_pb_column type=\u00a0\u00bb1_2&Prime; _builder_version=\u00a0\u00bb4.16&Prime; _module_preset=\u00a0\u00bbdefault\u00a0\u00bb background_color=\u00a0\u00bb#ffbf00&Prime; custom_padding=\u00a0\u00bb50px|50px|50px|50px|true|true\u00a0\u00bb border_radii=\u00a0\u00bboff|50px|||50px\u00a0\u00bb border_color_all=\u00a0\u00bb#ffbf00&Prime; border_width_top=\u00a0\u00bb4px\u00a0\u00bb border_width_bottom=\u00a0\u00bb4px\u00a0\u00bb border_width_left=\u00a0\u00bb4px\u00a0\u00bb global_colors_info=\u00a0\u00bb{}\u00a0\u00bb][et_pb_text _builder_version=\u00a0\u00bb4.16&Prime; _module_preset=\u00a0\u00bbdefault\u00a0\u00bb global_colors_info=\u00a0\u00bb{}\u00a0\u00bb]<\/p>\n<h2><b><span>Nous vous proposons d\u2019autres alternatives :<\/span><\/b><\/h2>\n<p>Informez-vous d\u00e8s aujourd&rsquo;hui sur toutes nos offres r\u00e9serv\u00e9es\u00a0aux entreprises.<\/p>\n<p>&nbsp;<\/p>\n<p>[\/et_pb_text][et_pb_text _builder_version=\u00a0\u00bb4.16&Prime; _module_preset=\u00a0\u00bbdefault\u00a0\u00bb link_text_color=\u00a0\u00bb#000000&Prime; ul_font=\u00a0\u00bbTrade Gothic Bold|||on|||||\u00a0\u00bb ul_font_size=\u00a0\u00bb24px\u00a0\u00bb ul_line_height=\u00a0\u00bb1.5em\u00a0\u00bb locked=\u00a0\u00bboff\u00a0\u00bb global_colors_info=\u00a0\u00bb{}\u00a0\u00bb]<\/p>\n<ul>\n<li><a href=\"https:\/\/pathebusiness.ch\/fr\/projection-privee\/\">Projection priv\u00e9e<\/a><\/li>\n<li><a href=\"https:\/\/pathebusiness.ch\/fr\/location-de-salles-et-de-cinemas\/\">Location de salles et de cin\u00c9mas<\/a><\/li>\n<li><a href=\"https:\/\/pathebusiness.ch\/fr\/cadeaux\">Ch\u00e8ques-cadeaux cin\u00e9ma<\/a><\/li>\n<li><a href=\"https:\/\/pathebusiness.ch\/fr\/formulaire-de-contact\">Votre \u00e9v\u00e8nement personnalis\u00e9<\/a><\/li>\n<\/ul>\n<p>[\/et_pb_text][\/et_pb_column][et_pb_column type=\u00a0\u00bb1_2&Prime; _builder_version=\u00a0\u00bb4.16&Prime; _module_preset=\u00a0\u00bbdefault\u00a0\u00bb background_color=\u00a0\u00bb#ffbf00&Prime; custom_padding=\u00a0\u00bb50px|50px|50px|50px|true|true\u00a0\u00bb border_radii=\u00a0\u00bboff||50px||\u00a0\u00bb border_color_all=\u00a0\u00bb#ffbf00&Prime; border_width_top=\u00a0\u00bb4px\u00a0\u00bb border_width_right=\u00a0\u00bb4px\u00a0\u00bb border_width_bottom=\u00a0\u00bb4px\u00a0\u00bb global_colors_info=\u00a0\u00bb{}\u00a0\u00bb][et_pb_image src=\u00a0\u00bbhttps:\/\/pathebusiness.ch\/wp-content\/uploads\/2020\/11\/pathe-logo.svg\u00a0\u00bb title_text=\u00a0\u00bbpathe-logo\u00a0\u00bb _builder_version=\u00a0\u00bb4.16&Prime; _module_preset=\u00a0\u00bbdefault\u00a0\u00bb width=\u00a0\u00bb150px\u00a0\u00bb module_alignment=\u00a0\u00bbcenter\u00a0\u00bb custom_margin=\u00a0\u00bb||25px||false|false\u00a0\u00bb global_colors_info=\u00a0\u00bb{}\u00a0\u00bb][\/et_pb_image][et_pb_text _builder_version=\u00a0\u00bb4.16&Prime; _module_preset=\u00a0\u00bbdefault\u00a0\u00bb global_colors_info=\u00a0\u00bb{}\u00a0\u00bb]<\/p>\n<p class=\"p1\" style=\"text-align: center;\"><strong>Contactez-nous pour de <span class=\"s1\">plus amples renseignements<\/span> sur les possibilit\u00e9s de campagnes d\u2019affichages <span class=\"s1\">dans nos cin\u00e9mas:<\/span><\/strong><\/p>\n<p>[\/et_pb_text][et_pb_button button_url=\u00a0\u00bbhttps:\/\/pathebusiness.ch\/fr\/formulaire-de-contact\/\u00a0\u00bb button_text=\u00a0\u00bbEn savoir plus\u00a0\u00bb button_alignment=\u00a0\u00bbcenter\u00a0\u00bb _builder_version=\u00a0\u00bb4.16&Prime; _module_preset=\u00a0\u00bbdefault\u00a0\u00bb custom_button=\u00a0\u00bbon\u00a0\u00bb button_text_color=\u00a0\u00bb#ffffff\u00a0\u00bb button_bg_color=\u00a0\u00bb#000000&Prime; button_border_color=\u00a0\u00bb#000000&Prime; button_border_radius=\u00a0\u00bb10px\u00a0\u00bb custom_margin=\u00a0\u00bb25px||||false|false\u00a0\u00bb global_colors_info=\u00a0\u00bb{}\u00a0\u00bb][\/et_pb_button][\/et_pb_column][\/et_pb_row][et_pb_row _builder_version=\u00a0\u00bb4.16&Prime; _module_preset=\u00a0\u00bbdefault\u00a0\u00bb background_color=\u00a0\u00bb#ffffff\u00a0\u00bb max_width=\u00a0\u00bb1200px\u00a0\u00bb custom_padding=\u00a0\u00bb50px|50px|50px|50px|true|true\u00a0\u00bb border_radii=\u00a0\u00bboff||||50px\u00a0\u00bb border_width_right=\u00a0\u00bb4px\u00a0\u00bb border_color_right=\u00a0\u00bb#ffbf00&Prime; border_width_bottom=\u00a0\u00bb4px\u00a0\u00bb border_color_bottom=\u00a0\u00bb#ffbf00&Prime; border_width_left=\u00a0\u00bb4px\u00a0\u00bb border_color_left=\u00a0\u00bb#ffbf00&Prime; global_colors_info=\u00a0\u00bb{}\u00a0\u00bb][et_pb_column type=\u00a0\u00bb4_4&Prime; _builder_version=\u00a0\u00bb4.16&Prime; _module_preset=\u00a0\u00bbdefault\u00a0\u00bb global_colors_info=\u00a0\u00bb{}\u00a0\u00bb][et_pb_text _builder_version=\u00a0\u00bb4.16&Prime; _module_preset=\u00a0\u00bbdefault\u00a0\u00bb header_2_font=\u00a0\u00bb|700|||||||\u00a0\u00bb global_colors_info=\u00a0\u00bb{}\u00a0\u00bb]<\/p>\n<h2 class=\"p1\">En savoir plus sur Path\u00e9 Business<\/h2>\n<p>[\/et_pb_text][et_pb_gallery gallery_ids=\u00a0\u00bb972,974,976,978,980,982,984,986,988,990,994,996,998,1000,1002,1004,1006,1008,1010,1012&Prime; fullwidth=\u00a0\u00bbon\u00a0\u00bb module_class=\u00a0\u00bbgalerie-unten\u00a0\u00bb _builder_version=\u00a0\u00bb4.16&Prime; _module_preset=\u00a0\u00bbdefault\u00a0\u00bb auto=\u00a0\u00bbon\u00a0\u00bb auto_speed=\u00a0\u00bb5000&Prime; border_radii=\u00a0\u00bboff|50px|50px|50px|50px\u00a0\u00bb border_width_all=\u00a0\u00bb4px\u00a0\u00bb border_color_all=\u00a0\u00bb#ffbf00&Prime; saved_tabs=\u00a0\u00bball\u00a0\u00bb global_colors_info=\u00a0\u00bb{}\u00a0\u00bb][\/et_pb_gallery][\/et_pb_column][\/et_pb_row][et_pb_row _builder_version=\u00a0\u00bb4.16&Prime; _module_preset=\u00a0\u00bbdefault\u00a0\u00bb positioning=\u00a0\u00bbabsolute\u00a0\u00bb position_origin_a=\u00a0\u00bbbottom_left\u00a0\u00bb horizontal_offset=\u00a0\u00bb15%\u00a0\u00bb custom_padding=\u00a0\u00bb0px||0px||false|false\u00a0\u00bb global_colors_info=\u00a0\u00bb{}\u00a0\u00bb][et_pb_column type=\u00a0\u00bb4_4&Prime; _builder_version=\u00a0\u00bb4.16&Prime; _module_preset=\u00a0\u00bbdefault\u00a0\u00bb global_colors_info=\u00a0\u00bb{}\u00a0\u00bb][et_pb_image src=\u00a0\u00bbhttps:\/\/pathebusiness.ch\/wp-content\/uploads\/2020\/11\/Charlie-Footer.svg\u00a0\u00bb title_text=\u00a0\u00bbCharlie-Footer\u00a0\u00bb _builder_version=\u00a0\u00bb4.16&Prime; _module_preset=\u00a0\u00bbdefault\u00a0\u00bb positioning=\u00a0\u00bbrelative\u00a0\u00bb position_origin_r=\u00a0\u00bbbottom_left\u00a0\u00bb max_width=\u00a0\u00bb150px\u00a0\u00bb global_colors_info=\u00a0\u00bb{}\u00a0\u00bb][\/et_pb_image][\/et_pb_column][\/et_pb_row][\/et_pb_section]<\/p>\n","protected":false},"excerpt":{"rendered":"<p>POSSIBILIT\u00c9S DE PUBLICIT\u00c9S UNIQUES POUR ENTREPRISES.Votre message publicitaire avec une image et une acoustique d\u2019une qualit\u00e9 cin\u00e9matographique dans le meilleur environnement, jusqu&rsquo;\u00e0 3 millions de visiteurs annuel. Nous proposons aux entreprises une large gamme de solutions publicitaires incluant des campagnes d\u2019affichages sur nos \u00e9crans, mais aussi sur nos paquets de popcorn ou encore sur nos [&hellip;]<\/p>\n","protected":false},"author":5,"featured_media":0,"parent":0,"menu_order":0,"comment_status":"closed","ping_status":"closed","template":"","meta":{"_et_pb_use_builder":"on","_et_pb_old_content":"","_et_gb_content_width":"","footnotes":""},"dipi_cpt_category":[],"class_list":["post-1342","page","type-page","status-publish","hentry"],"yoast_head":"<!-- This site is optimized with the Yoast SEO plugin v27.3 - https:\/\/yoast.com\/product\/yoast-seo-wordpress\/ -->\n<title>Publicit\u00e9 pour entreprises | Path\u00e9 Business<\/title>\n<meta name=\"description\" content=\"Le cin\u00e9ma offre de nombreuses possibilit\u00e9s de publicit\u00e9 pour votre entreprise. Faites vous aussi de la publicit\u00e9 au cin\u00e9ma.\" \/>\n<meta name=\"robots\" content=\"index, follow, max-snippet:-1, max-image-preview:large, max-video-preview:-1\" \/>\n<link rel=\"canonical\" href=\"https:\/\/pathebusiness.ch\/fr\/publicite\/\" \/>\n<meta property=\"og:locale\" content=\"fr_FR\" \/>\n<meta property=\"og:type\" content=\"article\" \/>\n<meta property=\"og:title\" content=\"Publicit\u00e9 pour entreprises | Path\u00e9 Business\" \/>\n<meta property=\"og:description\" content=\"Le cin\u00e9ma offre de nombreuses possibilit\u00e9s de publicit\u00e9 pour votre entreprise. Faites vous aussi de la publicit\u00e9 au cin\u00e9ma.\" \/>\n<meta property=\"og:url\" content=\"https:\/\/pathebusiness.ch\/fr\/publicite\/\" \/>\n<meta property=\"og:site_name\" content=\"Path\u00e9 Business\" \/>\n<meta property=\"article:modified_time\" content=\"2023-11-24T10:01:34+00:00\" \/>\n<meta name=\"twitter:card\" content=\"summary_large_image\" \/>\n<meta name=\"twitter:label1\" content=\"Dur\u00e9e de lecture estim\u00e9e\" \/>\n\t<meta name=\"twitter:data1\" content=\"3 minutes\" \/>\n<script type=\"application\/ld+json\" class=\"yoast-schema-graph\">{\"@context\":\"https:\\\/\\\/schema.org\",\"@graph\":[{\"@type\":\"WebPage\",\"@id\":\"https:\\\/\\\/pathebusiness.ch\\\/fr\\\/publicite\\\/\",\"url\":\"https:\\\/\\\/pathebusiness.ch\\\/fr\\\/publicite\\\/\",\"name\":\"Publicit\u00e9 pour entreprises | Path\u00e9 Business\",\"isPartOf\":{\"@id\":\"https:\\\/\\\/pathebusiness.ch\\\/fr\\\/#website\"},\"datePublished\":\"2021-02-11T13:30:25+00:00\",\"dateModified\":\"2023-11-24T10:01:34+00:00\",\"description\":\"Le cin\u00e9ma offre de nombreuses possibilit\u00e9s de publicit\u00e9 pour votre entreprise. Faites vous aussi de la publicit\u00e9 au cin\u00e9ma.\",\"breadcrumb\":{\"@id\":\"https:\\\/\\\/pathebusiness.ch\\\/fr\\\/publicite\\\/#breadcrumb\"},\"inLanguage\":\"fr-FR\",\"potentialAction\":[{\"@type\":\"ReadAction\",\"target\":[\"https:\\\/\\\/pathebusiness.ch\\\/fr\\\/publicite\\\/\"]}]},{\"@type\":\"BreadcrumbList\",\"@id\":\"https:\\\/\\\/pathebusiness.ch\\\/fr\\\/publicite\\\/#breadcrumb\",\"itemListElement\":[{\"@type\":\"ListItem\",\"position\":1,\"name\":\"Startseite\",\"item\":\"https:\\\/\\\/pathebusiness.ch\\\/fr\\\/\"},{\"@type\":\"ListItem\",\"position\":2,\"name\":\"PUBLICIT\u00c9\"}]},{\"@type\":\"WebSite\",\"@id\":\"https:\\\/\\\/pathebusiness.ch\\\/fr\\\/#website\",\"url\":\"https:\\\/\\\/pathebusiness.ch\\\/fr\\\/\",\"name\":\"Path\u00e9 Business\",\"description\":\"\",\"potentialAction\":[{\"@type\":\"SearchAction\",\"target\":{\"@type\":\"EntryPoint\",\"urlTemplate\":\"https:\\\/\\\/pathebusiness.ch\\\/fr\\\/?s={search_term_string}\"},\"query-input\":{\"@type\":\"PropertyValueSpecification\",\"valueRequired\":true,\"valueName\":\"search_term_string\"}}],\"inLanguage\":\"fr-FR\"}]}<\/script>\n<!-- \/ Yoast SEO plugin. -->","yoast_head_json":{"title":"Publicit\u00e9 pour entreprises | Path\u00e9 Business","description":"Le cin\u00e9ma offre de nombreuses possibilit\u00e9s de publicit\u00e9 pour votre entreprise. Faites vous aussi de la publicit\u00e9 au cin\u00e9ma.","robots":{"index":"index","follow":"follow","max-snippet":"max-snippet:-1","max-image-preview":"max-image-preview:large","max-video-preview":"max-video-preview:-1"},"canonical":"https:\/\/pathebusiness.ch\/fr\/publicite\/","og_locale":"fr_FR","og_type":"article","og_title":"Publicit\u00e9 pour entreprises | Path\u00e9 Business","og_description":"Le cin\u00e9ma offre de nombreuses possibilit\u00e9s de publicit\u00e9 pour votre entreprise. Faites vous aussi de la publicit\u00e9 au cin\u00e9ma.","og_url":"https:\/\/pathebusiness.ch\/fr\/publicite\/","og_site_name":"Path\u00e9 Business","article_modified_time":"2023-11-24T10:01:34+00:00","twitter_card":"summary_large_image","twitter_misc":{"Dur\u00e9e de lecture estim\u00e9e":"3 minutes"},"schema":{"@context":"https:\/\/schema.org","@graph":[{"@type":"WebPage","@id":"https:\/\/pathebusiness.ch\/fr\/publicite\/","url":"https:\/\/pathebusiness.ch\/fr\/publicite\/","name":"Publicit\u00e9 pour entreprises | Path\u00e9 Business","isPartOf":{"@id":"https:\/\/pathebusiness.ch\/fr\/#website"},"datePublished":"2021-02-11T13:30:25+00:00","dateModified":"2023-11-24T10:01:34+00:00","description":"Le cin\u00e9ma offre de nombreuses possibilit\u00e9s de publicit\u00e9 pour votre entreprise. Faites vous aussi de la publicit\u00e9 au cin\u00e9ma.","breadcrumb":{"@id":"https:\/\/pathebusiness.ch\/fr\/publicite\/#breadcrumb"},"inLanguage":"fr-FR","potentialAction":[{"@type":"ReadAction","target":["https:\/\/pathebusiness.ch\/fr\/publicite\/"]}]},{"@type":"BreadcrumbList","@id":"https:\/\/pathebusiness.ch\/fr\/publicite\/#breadcrumb","itemListElement":[{"@type":"ListItem","position":1,"name":"Startseite","item":"https:\/\/pathebusiness.ch\/fr\/"},{"@type":"ListItem","position":2,"name":"PUBLICIT\u00c9"}]},{"@type":"WebSite","@id":"https:\/\/pathebusiness.ch\/fr\/#website","url":"https:\/\/pathebusiness.ch\/fr\/","name":"Path\u00e9 Business","description":"","potentialAction":[{"@type":"SearchAction","target":{"@type":"EntryPoint","urlTemplate":"https:\/\/pathebusiness.ch\/fr\/?s={search_term_string}"},"query-input":{"@type":"PropertyValueSpecification","valueRequired":true,"valueName":"search_term_string"}}],"inLanguage":"fr-FR"}]}},"_links":{"self":[{"href":"https:\/\/pathebusiness.ch\/fr\/wp-json\/wp\/v2\/pages\/1342","targetHints":{"allow":["GET"]}}],"collection":[{"href":"https:\/\/pathebusiness.ch\/fr\/wp-json\/wp\/v2\/pages"}],"about":[{"href":"https:\/\/pathebusiness.ch\/fr\/wp-json\/wp\/v2\/types\/page"}],"author":[{"embeddable":true,"href":"https:\/\/pathebusiness.ch\/fr\/wp-json\/wp\/v2\/users\/5"}],"replies":[{"embeddable":true,"href":"https:\/\/pathebusiness.ch\/fr\/wp-json\/wp\/v2\/comments?post=1342"}],"version-history":[{"count":18,"href":"https:\/\/pathebusiness.ch\/fr\/wp-json\/wp\/v2\/pages\/1342\/revisions"}],"predecessor-version":[{"id":4546,"href":"https:\/\/pathebusiness.ch\/fr\/wp-json\/wp\/v2\/pages\/1342\/revisions\/4546"}],"wp:attachment":[{"href":"https:\/\/pathebusiness.ch\/fr\/wp-json\/wp\/v2\/media?parent=1342"}],"wp:term":[{"taxonomy":"dipi_cpt_category","embeddable":true,"href":"https:\/\/pathebusiness.ch\/fr\/wp-json\/wp\/v2\/dipi_cpt_category?post=1342"}],"curies":[{"name":"wp","href":"https:\/\/api.w.org\/{rel}","templated":true}]}}