{"id":1332,"date":"2021-02-11T14:25:31","date_gmt":"2021-02-11T13:25:31","guid":{"rendered":"https:\/\/pathebusiness.ch\/?page_id=1332"},"modified":"2021-05-12T15:54:46","modified_gmt":"2021-05-12T13:54:46","slug":"projection-privee","status":"publish","type":"page","link":"https:\/\/pathebusiness.ch\/fr\/projection-privee\/","title":{"rendered":"PROJECTION PRIV\u00c9E"},"content":{"rendered":"<p>[et_pb_section fb_built=\u00a0\u00bb1&Prime; fullwidth=\u00a0\u00bbon\u00a0\u00bb _builder_version=\u00a0\u00bb4.6.6&Prime; _module_preset=\u00a0\u00bbdefault\u00a0\u00bb][et_pb_fullwidth_slider show_pagination=\u00a0\u00bboff\u00a0\u00bb module_class=\u00a0\u00bbheader-mit-rand\u00a0\u00bb _builder_version=\u00a0\u00bb4.9.1&Prime; _module_preset=\u00a0\u00bbdefault\u00a0\u00bb header_font_size=\u00a0\u00bb30px\u00a0\u00bb height=\u00a0\u00bb100%\u00a0\u00bb max_height=\u00a0\u00bb80vh\u00a0\u00bb custom_padding=\u00a0\u00bb50px||40px||false|false\u00a0\u00bb auto=\u00a0\u00bbon\u00a0\u00bb auto_speed=\u00a0\u00bb5000&Prime; auto_ignore_hover=\u00a0\u00bbon\u00a0\u00bb link_option_url=\u00a0\u00bb#content\u00a0\u00bb custom_css_slide_description=\u00a0\u00bbmax-width:800px;||padding-left:25px;||padding-right:25px;||margin-top:20%;||margin-bottom:20%;||-moz-animation: none;||-webkit-animation: none;||-o-animation: none;||-ms-animation: none;||animation: none;\u00a0\u00bb custom_css_slide_description__hover_enabled=\u00a0\u00bboff|desktop\u00a0\u00bb][et_pb_slide heading=\u00a0\u00bbPROJECTION PRIV\u00c9E\u00a0\u00bb _builder_version=\u00a0\u00bb4.8.2&Prime; _module_preset=\u00a0\u00bbdefault\u00a0\u00bb background_enable_color=\u00a0\u00bboff\u00a0\u00bb background_image=\u00a0\u00bbhttps:\/\/pathebusiness.ch\/wp-content\/uploads\/2020\/11\/Pathe-Business-Eigene-Filmvorstellung-1.jpg\u00a0\u00bb background_enable_image=\u00a0\u00bbon\u00a0\u00bb sticky_transition=\u00a0\u00bbon\u00a0\u00bb][\/et_pb_slide][et_pb_slide heading=\u00a0\u00bbPROJECTION PRIV\u00c9E\u00a0\u00bb _builder_version=\u00a0\u00bb4.8.2&Prime; _module_preset=\u00a0\u00bbdefault\u00a0\u00bb background_enable_color=\u00a0\u00bboff\u00a0\u00bb background_image=\u00a0\u00bbhttps:\/\/pathebusiness.ch\/wp-content\/uploads\/2020\/11\/Pathe-Business-Eigene-Filmvorstellung-2.jpg\u00a0\u00bb background_enable_image=\u00a0\u00bbon\u00a0\u00bb sticky_transition=\u00a0\u00bbon\u00a0\u00bb][\/et_pb_slide][et_pb_slide heading=\u00a0\u00bbPROJECTION PRIV\u00c9E\u00a0\u00bb _builder_version=\u00a0\u00bb4.8.2&Prime; _module_preset=\u00a0\u00bbdefault\u00a0\u00bb background_enable_color=\u00a0\u00bboff\u00a0\u00bb background_image=\u00a0\u00bbhttps:\/\/pathebusiness.ch\/wp-content\/uploads\/2020\/11\/Pathe-Business-Eigene-Filmvorstellung-3.jpg\u00a0\u00bb background_enable_image=\u00a0\u00bbon\u00a0\u00bb sticky_transition=\u00a0\u00bbon\u00a0\u00bb][\/et_pb_slide][et_pb_slide heading=\u00a0\u00bbPROJECTION PRIV\u00c9E\u00a0\u00bb _builder_version=\u00a0\u00bb4.8.2&Prime; _module_preset=\u00a0\u00bbdefault\u00a0\u00bb background_enable_color=\u00a0\u00bboff\u00a0\u00bb background_image=\u00a0\u00bbhttps:\/\/pathebusiness.ch\/wp-content\/uploads\/2020\/11\/Pathe-Business-Eigene-Filmvorstellung-4.jpg\u00a0\u00bb background_enable_image=\u00a0\u00bbon\u00a0\u00bb sticky_transition=\u00a0\u00bbon\u00a0\u00bb][\/et_pb_slide][et_pb_slide heading=\u00a0\u00bbPROJECTION PRIV\u00c9E\u00a0\u00bb _builder_version=\u00a0\u00bb4.8.2&Prime; _module_preset=\u00a0\u00bbdefault\u00a0\u00bb background_enable_color=\u00a0\u00bboff\u00a0\u00bb background_image=\u00a0\u00bbhttps:\/\/pathebusiness.ch\/wp-content\/uploads\/2020\/11\/Pathe-Business-Eigene-Filmvorstellung-5.jpg\u00a0\u00bb background_enable_image=\u00a0\u00bbon\u00a0\u00bb sticky_transition=\u00a0\u00bbon\u00a0\u00bb][\/et_pb_slide][et_pb_slide heading=\u00a0\u00bbPROJECTION PRIV\u00c9E\u00a0\u00bb _builder_version=\u00a0\u00bb4.9.1&Prime; _module_preset=\u00a0\u00bbdefault\u00a0\u00bb background_enable_color=\u00a0\u00bboff\u00a0\u00bb background_image=\u00a0\u00bbhttps:\/\/pathebusiness.ch\/wp-content\/uploads\/2021\/05\/Pathe_MoS_Screen_4_4_korrigiert_low-3.jpg\u00a0\u00bb background_enable_image=\u00a0\u00bbon\u00a0\u00bb sticky_transition=\u00a0\u00bbon\u00a0\u00bb][\/et_pb_slide][et_pb_slide heading=\u00a0\u00bbPROJECTION PRIV\u00c9E\u00a0\u00bb _builder_version=\u00a0\u00bb4.8.2&Prime; _module_preset=\u00a0\u00bbdefault\u00a0\u00bb background_enable_color=\u00a0\u00bboff\u00a0\u00bb background_image=\u00a0\u00bbhttps:\/\/pathebusiness.ch\/wp-content\/uploads\/2020\/11\/Pathe-Business-Eigene-Filmvorstellung-7.jpg\u00a0\u00bb background_enable_image=\u00a0\u00bbon\u00a0\u00bb sticky_transition=\u00a0\u00bbon\u00a0\u00bb][\/et_pb_slide][\/et_pb_fullwidth_slider][\/et_pb_section][et_pb_section fb_built=\u00a0\u00bb1&Prime; module_id=\u00a0\u00bbcontent\u00a0\u00bb _builder_version=\u00a0\u00bb4.8.1&Prime; _module_preset=\u00a0\u00bbdefault\u00a0\u00bb background_color=\u00a0\u00bb#999999&Prime;][et_pb_row column_structure=\u00a0\u00bb3_4,1_4&Prime; _builder_version=\u00a0\u00bb4.6.6&Prime; _module_preset=\u00a0\u00bbdefault\u00a0\u00bb background_color=\u00a0\u00bb#ffffff\u00a0\u00bb max_width=\u00a0\u00bb1200px\u00a0\u00bb custom_padding=\u00a0\u00bb50px|50px|50px|50px|true|true\u00a0\u00bb custom_css_main_element=\u00a0\u00bbdisplay:flex;\u00a0\u00bb border_radii=\u00a0\u00bboff|50px|50px||\u00a0\u00bb border_width_top=\u00a0\u00bb4px\u00a0\u00bb border_color_top=\u00a0\u00bb#ffbf00&Prime; border_width_right=\u00a0\u00bb4px\u00a0\u00bb border_color_right=\u00a0\u00bb#ffbf00&Prime; border_width_left=\u00a0\u00bb4px\u00a0\u00bb border_color_left=\u00a0\u00bb#ffbf00&Prime;][et_pb_column type=\u00a0\u00bb3_4&Prime; _builder_version=\u00a0\u00bb4.6.6&Prime; _module_preset=\u00a0\u00bbdefault\u00a0\u00bb custom_css_main_element=\u00a0\u00bbmargin:auto;\u00a0\u00bb][et_pb_text _builder_version=\u00a0\u00bb4.8.2&Prime; _module_preset=\u00a0\u00bbdefault\u00a0\u00bb header_2_font=\u00a0\u00bb|700|||||||\u00a0\u00bb]<\/p>\n<h2 class=\"p1\">UNE EXP\u00c9RIENCE CIN\u00c9MATOGRAPHIQUE INOUBLIABLE SUR MESURE.<\/h2>\n<p>[\/et_pb_text][\/et_pb_column][et_pb_column type=\u00a0\u00bb1_4&Prime; _builder_version=\u00a0\u00bb4.6.6&Prime; _module_preset=\u00a0\u00bbdefault\u00a0\u00bb][et_pb_image src=\u00a0\u00bbhttps:\/\/pathebusiness.ch\/wp-content\/uploads\/2020\/12\/2xIcon_Filmvorfu\u0308hrung@2x.png\u00a0\u00bb title_text=\u00a0\u00bb2xIcon_Filmvorfu\u0308hrung@2x\u00a0\u00bb _builder_version=\u00a0\u00bb4.7.4&Prime; _module_preset=\u00a0\u00bbdefault\u00a0\u00bb background_enable_color=\u00a0\u00bboff\u00a0\u00bb background_enable_image=\u00a0\u00bboff\u00a0\u00bb max_width=\u00a0\u00bb200px\u00a0\u00bb module_alignment=\u00a0\u00bbright\u00a0\u00bb border_radii=\u00a0\u00bbon|25px|25px|25px|25px\u00a0\u00bb border_width_all=\u00a0\u00bb4px\u00a0\u00bb border_color_all=\u00a0\u00bb#ffbf00&Prime;][\/et_pb_image][\/et_pb_column][\/et_pb_row][et_pb_row column_structure=\u00a0\u00bb1_2,1_2&Prime; _builder_version=\u00a0\u00bb4.6.6&Prime; _module_preset=\u00a0\u00bbdefault\u00a0\u00bb background_color=\u00a0\u00bb#ffffff\u00a0\u00bb max_width=\u00a0\u00bb1200px\u00a0\u00bb custom_padding=\u00a0\u00bb50px|50px|50px|50px|true|true\u00a0\u00bb border_radii=\u00a0\u00bboff||||\u00a0\u00bb border_width_right=\u00a0\u00bb4px\u00a0\u00bb border_color_right=\u00a0\u00bb#ffbf00&Prime; border_color_bottom=\u00a0\u00bb#ffbf00&Prime; border_width_left=\u00a0\u00bb4px\u00a0\u00bb border_color_left=\u00a0\u00bb#ffbf00&Prime;][et_pb_column type=\u00a0\u00bb1_2&Prime; _builder_version=\u00a0\u00bb4.6.6&Prime; _module_preset=\u00a0\u00bbdefault\u00a0\u00bb][et_pb_text _builder_version=\u00a0\u00bb4.8.2&Prime; _module_preset=\u00a0\u00bbdefault\u00a0\u00bb]<\/p>\n<p class=\"p1\">Nous organisons vos projections de films priv\u00e9es et des avant-premi\u00e8res exclusives : un cin\u00e9ma r\u00e9serv\u00e9 pour vous et vos invit\u00e9s &#8211; dans toute la Suisse. Que vous soyez \u00e0 la recherche d\u2019une id\u00e9e pour un \u00e9v\u00e9nement, remercier vos meilleurs clients, r\u00e9compenser vos employ\u00e9s ou revoir votre film pr\u00e9f\u00e9r\u00e9 au cin\u00e9ma, il existe toujours une bonne raison <span class=\"s1\">pour voir un film<\/span>. Nous vous d\u00e9roulerons le tapis rouge et ferons de votre \u00e9v\u00e9nement un<span class=\"Apple-converted-space\">\u00a0 <\/span>moment inoubliable &#8211; naturellement avec un service de catering en option.<\/p>\n<p>[\/et_pb_text][\/et_pb_column][et_pb_column type=\u00a0\u00bb1_2&Prime; _builder_version=\u00a0\u00bb4.6.6&Prime; _module_preset=\u00a0\u00bbdefault\u00a0\u00bb][et_pb_text _builder_version=\u00a0\u00bb4.8.2&Prime; _module_preset=\u00a0\u00bbdefault\u00a0\u00bb ul_line_height=\u00a0\u00bb1.8em\u00a0\u00bb ul_line_height__hover_enabled=\u00a0\u00bboff|desktop\u00a0\u00bb]<\/p>\n<p class=\"p1\">Vos avantages :<span class=\"Apple-converted-space\">\u00a0<\/span><\/p>\n<ul>\n<li class=\"li1\"><span class=\"s1\"><\/span>Vos films dans un environnement exclusif<\/li>\n<li class=\"li1\"><span class=\"s1\"><\/span>Image et son immersif<\/li>\n<li class=\"li1\"><span class=\"s1\"><\/span>Excellentes situation et accessibilit\u00e9<\/li>\n<li class=\"li1\"><span class=\"s1\"><\/span>Nombreuses possibilit\u00e9s de stationnement<\/li>\n<li class=\"li1\"><span class=\"s1\"><\/span>Catering en option<\/li>\n<\/ul>\n<p>[\/et_pb_text][\/et_pb_column][\/et_pb_row][et_pb_row column_structure=\u00a0\u00bb1_2,1_2&Prime; use_custom_gutter=\u00a0\u00bbon\u00a0\u00bb gutter_width=\u00a0\u00bb1&Prime; make_equal=\u00a0\u00bbon\u00a0\u00bb _builder_version=\u00a0\u00bb4.9.1&Prime; _module_preset=\u00a0\u00bbdefault\u00a0\u00bb background_color=\u00a0\u00bb#ffffff\u00a0\u00bb max_width=\u00a0\u00bb1200px\u00a0\u00bb custom_padding=\u00a0\u00bb50px|50px|50px|50px|true|true\u00a0\u00bb hover_enabled=\u00a0\u00bb0&Prime; border_radii=\u00a0\u00bboff||||\u00a0\u00bb border_width_right=\u00a0\u00bb4px\u00a0\u00bb border_color_right=\u00a0\u00bb#ffbf00&Prime; border_width_left=\u00a0\u00bb4px\u00a0\u00bb border_color_left=\u00a0\u00bb#ffbf00&Prime; sticky_enabled=\u00a0\u00bb0&Prime;][et_pb_column type=\u00a0\u00bb1_2&Prime; _builder_version=\u00a0\u00bb4.9.1&Prime; _module_preset=\u00a0\u00bbdefault\u00a0\u00bb custom_padding=\u00a0\u00bb25px|10%|25px|10%|true|true\u00a0\u00bb hover_enabled=\u00a0\u00bb0&Prime; border_radii=\u00a0\u00bboff|25px|||25px\u00a0\u00bb border_width_all=\u00a0\u00bb4px\u00a0\u00bb border_color_all=\u00a0\u00bb#ffbf00&Prime; border_width_right=\u00a0\u00bb0px\u00a0\u00bb border_width_all_last_edited=\u00a0\u00bbon|tablet\u00a0\u00bb border_width_all_tablet=\u00a0\u00bb0px\u00a0\u00bb sticky_enabled=\u00a0\u00bb0&Prime;][et_pb_text _builder_version=\u00a0\u00bb4.8.2&Prime; _module_preset=\u00a0\u00bbdefault\u00a0\u00bb text_orientation=\u00a0\u00bbcenter\u00a0\u00bb]<\/p>\n<p class=\"p1\" style=\"text-align: center;\"><strong>T\u00e9l\u00e9chargez les d\u00e9tails sur les diff\u00e9rents sites directement ici.\u00a0<\/strong><strong>Lien vers la fiche d\u2019information.<\/strong><\/p>\n<p>[\/et_pb_text][\/et_pb_column][et_pb_column type=\u00a0\u00bb1_2&Prime; _builder_version=\u00a0\u00bb4.9.1&Prime; _module_preset=\u00a0\u00bbdefault\u00a0\u00bb custom_padding=\u00a0\u00bb25px|10%|25px|10%|true|true\u00a0\u00bb hover_enabled=\u00a0\u00bb0&Prime; border_radii=\u00a0\u00bboff||25px||\u00a0\u00bb border_width_all=\u00a0\u00bb4px\u00a0\u00bb border_color_all=\u00a0\u00bb#ffbf00&Prime; border_width_left=\u00a0\u00bb0px\u00a0\u00bb border_width_all_last_edited=\u00a0\u00bbon|tablet\u00a0\u00bb sticky_enabled=\u00a0\u00bb0&Prime; border_width_all_tablet=\u00a0\u00bb0px\u00a0\u00bb][et_pb_button button_url=\u00a0\u00bbhttps:\/\/pathebusiness.ch\/fr\/factsheet\u00a0\u00bb url_new_window=\u00a0\u00bbon\u00a0\u00bb button_text=\u00a0\u00bbfiche d\u2019information\u00a0\u00bb button_alignment=\u00a0\u00bbright\u00a0\u00bb _builder_version=\u00a0\u00bb4.9.1&Prime; _module_preset=\u00a0\u00bbdefault\u00a0\u00bb custom_button=\u00a0\u00bbon\u00a0\u00bb button_text_color=\u00a0\u00bb#ffffff\u00a0\u00bb button_bg_color=\u00a0\u00bb#000000&Prime; button_border_color=\u00a0\u00bb#000000&Prime; button_border_radius=\u00a0\u00bb10px\u00a0\u00bb hover_enabled=\u00a0\u00bb0&Prime; button_alignment_last_edited=\u00a0\u00bbon|tablet\u00a0\u00bb button_alignment_tablet=\u00a0\u00bbcenter\u00a0\u00bb sticky_enabled=\u00a0\u00bb0&Prime;][\/et_pb_button][\/et_pb_column][\/et_pb_row][et_pb_row column_structure=\u00a0\u00bb1_2,1_2&Prime; use_custom_gutter=\u00a0\u00bbon\u00a0\u00bb gutter_width=\u00a0\u00bb1&Prime; make_equal=\u00a0\u00bbon\u00a0\u00bb module_class=\u00a0\u00bbalternativen\u00a0\u00bb _builder_version=\u00a0\u00bb4.9.1&Prime; _module_preset=\u00a0\u00bbdefault\u00a0\u00bb background_color=\u00a0\u00bb#ffffff\u00a0\u00bb max_width=\u00a0\u00bb1200px\u00a0\u00bb custom_padding=\u00a0\u00bb50px|50px|50px|50px|true|true\u00a0\u00bb border_radii=\u00a0\u00bboff||||\u00a0\u00bb border_width_right=\u00a0\u00bb4px\u00a0\u00bb border_color_right=\u00a0\u00bb#ffbf00&Prime; border_width_left=\u00a0\u00bb4px\u00a0\u00bb border_color_left=\u00a0\u00bb#ffbf00&Prime;][et_pb_column type=\u00a0\u00bb1_2&Prime; _builder_version=\u00a0\u00bb4.6.6&Prime; _module_preset=\u00a0\u00bbdefault\u00a0\u00bb background_color=\u00a0\u00bb#ffbf00&Prime; custom_padding=\u00a0\u00bb50px|50px|50px|50px|true|true\u00a0\u00bb border_radii=\u00a0\u00bboff|50px|||50px\u00a0\u00bb border_color_all=\u00a0\u00bb#ffbf00&Prime; border_width_top=\u00a0\u00bb4px\u00a0\u00bb border_width_bottom=\u00a0\u00bb4px\u00a0\u00bb border_width_left=\u00a0\u00bb4px\u00a0\u00bb][et_pb_text _builder_version=\u00a0\u00bb4.9.1&Prime; _module_preset=\u00a0\u00bbdefault\u00a0\u00bb]<\/p>\n<h2><b><span>Nous vous proposons d\u2019autres alternatives :<\/span><\/b><\/h2>\n<p>Informez-vous d\u00e8s aujourd&rsquo;hui sur toutes nos offres r\u00e9serv\u00e9es\u00a0aux entreprises.<\/p>\n<p>&nbsp;<\/p>\n<p>[\/et_pb_text][et_pb_text _builder_version=\u00a0\u00bb4.9.1&Prime; _module_preset=\u00a0\u00bbdefault\u00a0\u00bb link_text_color=\u00a0\u00bb#000000&Prime; ul_font=\u00a0\u00bbTrade Gothic Bold|||on|||||\u00a0\u00bb ul_font_size=\u00a0\u00bb24px\u00a0\u00bb ul_line_height=\u00a0\u00bb1.5em\u00a0\u00bb hover_enabled=\u00a0\u00bb0&Prime; locked=\u00a0\u00bboff\u00a0\u00bb sticky_enabled=\u00a0\u00bb0&Prime;]<\/p>\n<ul>\n<li><a href=\"https:\/\/pathebusiness.ch\/fr\/location-de-salles-et-de-cinemas\/\">Location de salles et de cin\u00c9mas<\/a><\/li>\n<li><a href=\"https:\/\/pathebusiness.ch\/fr\/cadeaux\">Ch\u00e8ques-cadeaux cin\u00e9ma<\/a><\/li>\n<li><a href=\"https:\/\/pathebusiness.ch\/fr\/publicite\/\">Publicit\u00e9<\/a><\/li>\n<li><a href=\"https:\/\/pathebusiness.ch\/fr\/formulaire-de-contact\">Votre \u00e9v\u00e8nement personnalis\u00e9<\/a><\/li>\n<\/ul>\n<p>[\/et_pb_text][\/et_pb_column][et_pb_column type=\u00a0\u00bb1_2&Prime; _builder_version=\u00a0\u00bb4.6.6&Prime; _module_preset=\u00a0\u00bbdefault\u00a0\u00bb background_color=\u00a0\u00bb#ffbf00&Prime; custom_padding=\u00a0\u00bb50px|50px|50px|50px|true|true\u00a0\u00bb border_radii=\u00a0\u00bboff||50px||\u00a0\u00bb border_color_all=\u00a0\u00bb#ffbf00&Prime; border_width_top=\u00a0\u00bb4px\u00a0\u00bb border_width_right=\u00a0\u00bb4px\u00a0\u00bb border_width_bottom=\u00a0\u00bb4px\u00a0\u00bb][et_pb_image src=\u00a0\u00bbhttps:\/\/pathebusiness.ch\/wp-content\/uploads\/2020\/11\/pathe-logo.svg\u00a0\u00bb title_text=\u00a0\u00bbpathe-logo\u00a0\u00bb _builder_version=\u00a0\u00bb4.6.6&Prime; _module_preset=\u00a0\u00bbdefault\u00a0\u00bb width=\u00a0\u00bb150px\u00a0\u00bb module_alignment=\u00a0\u00bbcenter\u00a0\u00bb custom_margin=\u00a0\u00bb||25px||false|false\u00a0\u00bb][\/et_pb_image][et_pb_text _builder_version=\u00a0\u00bb4.8.2&Prime; _module_preset=\u00a0\u00bbdefault\u00a0\u00bb]<\/p>\n<p class=\"p1\" style=\"text-align: center;\"><strong>Souhaitez-vous laisser un souvenir ind\u00e9l\u00e9bile \u00e0 vos invit\u00e9s\u00a0?<\/strong><\/p>\n<p class=\"p1\" style=\"text-align: center;\"><strong>Nous avons le cadre \u00e9motionnel pour cela :<\/strong><\/p>\n<p>[\/et_pb_text][et_pb_button button_url=\u00a0\u00bbhttps:\/\/pathebusiness.ch\/fr\/formulaire-de-contact\/\u00a0\u00bb button_text=\u00a0\u00bbEn savoir plus\u00a0\u00bb button_alignment=\u00a0\u00bbcenter\u00a0\u00bb _builder_version=\u00a0\u00bb4.9.1&Prime; _module_preset=\u00a0\u00bbdefault\u00a0\u00bb custom_button=\u00a0\u00bbon\u00a0\u00bb button_text_color=\u00a0\u00bb#ffffff\u00a0\u00bb button_bg_color=\u00a0\u00bb#000000&Prime; button_border_color=\u00a0\u00bb#000000&Prime; button_border_radius=\u00a0\u00bb10px\u00a0\u00bb custom_margin=\u00a0\u00bb25px||||false|false\u00a0\u00bb][\/et_pb_button][\/et_pb_column][\/et_pb_row][et_pb_row _builder_version=\u00a0\u00bb4.6.6&Prime; _module_preset=\u00a0\u00bbdefault\u00a0\u00bb background_color=\u00a0\u00bb#ffffff\u00a0\u00bb max_width=\u00a0\u00bb1200px\u00a0\u00bb custom_padding=\u00a0\u00bb50px|50px|50px|50px|true|true\u00a0\u00bb border_radii=\u00a0\u00bboff||||50px\u00a0\u00bb border_width_right=\u00a0\u00bb4px\u00a0\u00bb border_color_right=\u00a0\u00bb#ffbf00&Prime; border_width_bottom=\u00a0\u00bb4px\u00a0\u00bb border_color_bottom=\u00a0\u00bb#ffbf00&Prime; border_width_left=\u00a0\u00bb4px\u00a0\u00bb border_color_left=\u00a0\u00bb#ffbf00&Prime;][et_pb_column type=\u00a0\u00bb4_4&Prime; _builder_version=\u00a0\u00bb4.6.6&Prime; _module_preset=\u00a0\u00bbdefault\u00a0\u00bb][et_pb_text _builder_version=\u00a0\u00bb4.9.1&Prime; _module_preset=\u00a0\u00bbdefault\u00a0\u00bb header_2_font=\u00a0\u00bb|700|||||||\u00a0\u00bb]<\/p>\n<h2 class=\"p1\">En savoir plus sur Path\u00e9 Business<\/h2>\n<p>[\/et_pb_text][et_pb_gallery gallery_ids=\u00a0\u00bb972,974,976,978,980,982,984,986,988,990,994,996,998,1000,1002,1004,1006,1008,1010,1012&Prime; fullwidth=\u00a0\u00bbon\u00a0\u00bb module_class=\u00a0\u00bbgalerie-unten\u00a0\u00bb _builder_version=\u00a0\u00bb4.8.1&Prime; _module_preset=\u00a0\u00bbdefault\u00a0\u00bb auto=\u00a0\u00bbon\u00a0\u00bb auto_speed=\u00a0\u00bb5000&Prime; border_radii=\u00a0\u00bboff|50px|50px|50px|50px\u00a0\u00bb border_width_all=\u00a0\u00bb4px\u00a0\u00bb border_color_all=\u00a0\u00bb#ffbf00&Prime; saved_tabs=\u00a0\u00bball\u00a0\u00bb][\/et_pb_gallery][\/et_pb_column][\/et_pb_row][et_pb_row _builder_version=\u00a0\u00bb4.6.6&Prime; _module_preset=\u00a0\u00bbdefault\u00a0\u00bb positioning=\u00a0\u00bbabsolute\u00a0\u00bb position_origin_a=\u00a0\u00bbbottom_left\u00a0\u00bb horizontal_offset=\u00a0\u00bb15%\u00a0\u00bb custom_padding=\u00a0\u00bb0px||0px||false|false\u00a0\u00bb][et_pb_column type=\u00a0\u00bb4_4&Prime; _builder_version=\u00a0\u00bb4.6.6&Prime; _module_preset=\u00a0\u00bbdefault\u00a0\u00bb][et_pb_image src=\u00a0\u00bbhttps:\/\/pathebusiness.ch\/wp-content\/uploads\/2020\/11\/Charlie-Footer.svg\u00a0\u00bb title_text=\u00a0\u00bbCharlie-Footer\u00a0\u00bb _builder_version=\u00a0\u00bb4.6.6&Prime; _module_preset=\u00a0\u00bbdefault\u00a0\u00bb positioning=\u00a0\u00bbrelative\u00a0\u00bb position_origin_r=\u00a0\u00bbbottom_left\u00a0\u00bb max_width=\u00a0\u00bb150px\u00a0\u00bb][\/et_pb_image][\/et_pb_column][\/et_pb_row][\/et_pb_section]<\/p>\n","protected":false},"excerpt":{"rendered":"<p>UNE EXP\u00c9RIENCE CIN\u00c9MATOGRAPHIQUE INOUBLIABLE SUR MESURE.Nous organisons vos projections de films priv\u00e9es et des avant-premi\u00e8res exclusives : un cin\u00e9ma r\u00e9serv\u00e9 pour vous et vos invit\u00e9s &#8211; dans toute la Suisse. Que vous soyez \u00e0 la recherche d\u2019une id\u00e9e pour un \u00e9v\u00e9nement, remercier vos meilleurs clients, r\u00e9compenser vos employ\u00e9s ou revoir votre film pr\u00e9f\u00e9r\u00e9 au cin\u00e9ma, [&hellip;]<\/p>\n","protected":false},"author":5,"featured_media":0,"parent":0,"menu_order":0,"comment_status":"closed","ping_status":"closed","template":"","meta":{"_et_pb_use_builder":"on","_et_pb_old_content":"","_et_gb_content_width":"","footnotes":""},"dipi_cpt_category":[],"class_list":["post-1332","page","type-page","status-publish","hentry"],"yoast_head":"<!-- This site is optimized with the Yoast SEO plugin v27.4 - https:\/\/yoast.com\/product\/yoast-seo-wordpress\/ -->\n<title>Id\u00e9es \u00e9v\u00e9nement clients &amp; entreprises | Path\u00e9 Business<\/title>\n<meta name=\"description\" content=\"Louez toute une salle de cin\u00e9ma pour vos \u00e9v\u00e9nements clients et employ\u00e9s ou d&#039;entreprise. Informez-vous maintenant.\" \/>\n<meta name=\"robots\" content=\"index, follow, max-snippet:-1, max-image-preview:large, max-video-preview:-1\" \/>\n<link rel=\"canonical\" href=\"https:\/\/pathebusiness.ch\/fr\/projection-privee\/\" \/>\n<meta property=\"og:locale\" content=\"fr_FR\" \/>\n<meta property=\"og:type\" content=\"article\" \/>\n<meta property=\"og:title\" content=\"Id\u00e9es \u00e9v\u00e9nement clients &amp; entreprises | Path\u00e9 Business\" \/>\n<meta property=\"og:description\" content=\"Louez toute une salle de cin\u00e9ma pour vos \u00e9v\u00e9nements clients et employ\u00e9s ou d&#039;entreprise. Informez-vous maintenant.\" \/>\n<meta property=\"og:url\" content=\"https:\/\/pathebusiness.ch\/fr\/projection-privee\/\" \/>\n<meta property=\"og:site_name\" content=\"Path\u00e9 Business\" \/>\n<meta property=\"article:modified_time\" content=\"2021-05-12T13:54:46+00:00\" \/>\n<meta name=\"twitter:card\" content=\"summary_large_image\" \/>\n<meta name=\"twitter:label1\" content=\"Dur\u00e9e de lecture estim\u00e9e\" \/>\n\t<meta name=\"twitter:data1\" content=\"3 minutes\" \/>\n<script type=\"application\/ld+json\" class=\"yoast-schema-graph\">{\"@context\":\"https:\\\/\\\/schema.org\",\"@graph\":[{\"@type\":\"WebPage\",\"@id\":\"https:\\\/\\\/pathebusiness.ch\\\/fr\\\/projection-privee\\\/\",\"url\":\"https:\\\/\\\/pathebusiness.ch\\\/fr\\\/projection-privee\\\/\",\"name\":\"Id\u00e9es \u00e9v\u00e9nement clients & entreprises | Path\u00e9 Business\",\"isPartOf\":{\"@id\":\"https:\\\/\\\/pathebusiness.ch\\\/fr\\\/#website\"},\"datePublished\":\"2021-02-11T13:25:31+00:00\",\"dateModified\":\"2021-05-12T13:54:46+00:00\",\"description\":\"Louez toute une salle de cin\u00e9ma pour vos \u00e9v\u00e9nements clients et employ\u00e9s ou d'entreprise. Informez-vous maintenant.\",\"breadcrumb\":{\"@id\":\"https:\\\/\\\/pathebusiness.ch\\\/fr\\\/projection-privee\\\/#breadcrumb\"},\"inLanguage\":\"fr-FR\",\"potentialAction\":[{\"@type\":\"ReadAction\",\"target\":[\"https:\\\/\\\/pathebusiness.ch\\\/fr\\\/projection-privee\\\/\"]}]},{\"@type\":\"BreadcrumbList\",\"@id\":\"https:\\\/\\\/pathebusiness.ch\\\/fr\\\/projection-privee\\\/#breadcrumb\",\"itemListElement\":[{\"@type\":\"ListItem\",\"position\":1,\"name\":\"Startseite\",\"item\":\"https:\\\/\\\/pathebusiness.ch\\\/fr\\\/\"},{\"@type\":\"ListItem\",\"position\":2,\"name\":\"PROJECTION PRIV\u00c9E\"}]},{\"@type\":\"WebSite\",\"@id\":\"https:\\\/\\\/pathebusiness.ch\\\/fr\\\/#website\",\"url\":\"https:\\\/\\\/pathebusiness.ch\\\/fr\\\/\",\"name\":\"Path\u00e9 Business\",\"description\":\"\",\"potentialAction\":[{\"@type\":\"SearchAction\",\"target\":{\"@type\":\"EntryPoint\",\"urlTemplate\":\"https:\\\/\\\/pathebusiness.ch\\\/fr\\\/?s={search_term_string}\"},\"query-input\":{\"@type\":\"PropertyValueSpecification\",\"valueRequired\":true,\"valueName\":\"search_term_string\"}}],\"inLanguage\":\"fr-FR\"}]}<\/script>\n<!-- \/ Yoast SEO plugin. -->","yoast_head_json":{"title":"Id\u00e9es \u00e9v\u00e9nement clients & entreprises | Path\u00e9 Business","description":"Louez toute une salle de cin\u00e9ma pour vos \u00e9v\u00e9nements clients et employ\u00e9s ou d'entreprise. Informez-vous maintenant.","robots":{"index":"index","follow":"follow","max-snippet":"max-snippet:-1","max-image-preview":"max-image-preview:large","max-video-preview":"max-video-preview:-1"},"canonical":"https:\/\/pathebusiness.ch\/fr\/projection-privee\/","og_locale":"fr_FR","og_type":"article","og_title":"Id\u00e9es \u00e9v\u00e9nement clients & entreprises | Path\u00e9 Business","og_description":"Louez toute une salle de cin\u00e9ma pour vos \u00e9v\u00e9nements clients et employ\u00e9s ou d'entreprise. Informez-vous maintenant.","og_url":"https:\/\/pathebusiness.ch\/fr\/projection-privee\/","og_site_name":"Path\u00e9 Business","article_modified_time":"2021-05-12T13:54:46+00:00","twitter_card":"summary_large_image","twitter_misc":{"Dur\u00e9e de lecture estim\u00e9e":"3 minutes"},"schema":{"@context":"https:\/\/schema.org","@graph":[{"@type":"WebPage","@id":"https:\/\/pathebusiness.ch\/fr\/projection-privee\/","url":"https:\/\/pathebusiness.ch\/fr\/projection-privee\/","name":"Id\u00e9es \u00e9v\u00e9nement clients & entreprises | Path\u00e9 Business","isPartOf":{"@id":"https:\/\/pathebusiness.ch\/fr\/#website"},"datePublished":"2021-02-11T13:25:31+00:00","dateModified":"2021-05-12T13:54:46+00:00","description":"Louez toute une salle de cin\u00e9ma pour vos \u00e9v\u00e9nements clients et employ\u00e9s ou d'entreprise. Informez-vous maintenant.","breadcrumb":{"@id":"https:\/\/pathebusiness.ch\/fr\/projection-privee\/#breadcrumb"},"inLanguage":"fr-FR","potentialAction":[{"@type":"ReadAction","target":["https:\/\/pathebusiness.ch\/fr\/projection-privee\/"]}]},{"@type":"BreadcrumbList","@id":"https:\/\/pathebusiness.ch\/fr\/projection-privee\/#breadcrumb","itemListElement":[{"@type":"ListItem","position":1,"name":"Startseite","item":"https:\/\/pathebusiness.ch\/fr\/"},{"@type":"ListItem","position":2,"name":"PROJECTION PRIV\u00c9E"}]},{"@type":"WebSite","@id":"https:\/\/pathebusiness.ch\/fr\/#website","url":"https:\/\/pathebusiness.ch\/fr\/","name":"Path\u00e9 Business","description":"","potentialAction":[{"@type":"SearchAction","target":{"@type":"EntryPoint","urlTemplate":"https:\/\/pathebusiness.ch\/fr\/?s={search_term_string}"},"query-input":{"@type":"PropertyValueSpecification","valueRequired":true,"valueName":"search_term_string"}}],"inLanguage":"fr-FR"}]}},"_links":{"self":[{"href":"https:\/\/pathebusiness.ch\/fr\/wp-json\/wp\/v2\/pages\/1332","targetHints":{"allow":["GET"]}}],"collection":[{"href":"https:\/\/pathebusiness.ch\/fr\/wp-json\/wp\/v2\/pages"}],"about":[{"href":"https:\/\/pathebusiness.ch\/fr\/wp-json\/wp\/v2\/types\/page"}],"author":[{"embeddable":true,"href":"https:\/\/pathebusiness.ch\/fr\/wp-json\/wp\/v2\/users\/5"}],"replies":[{"embeddable":true,"href":"https:\/\/pathebusiness.ch\/fr\/wp-json\/wp\/v2\/comments?post=1332"}],"version-history":[{"count":15,"href":"https:\/\/pathebusiness.ch\/fr\/wp-json\/wp\/v2\/pages\/1332\/revisions"}],"predecessor-version":[{"id":2626,"href":"https:\/\/pathebusiness.ch\/fr\/wp-json\/wp\/v2\/pages\/1332\/revisions\/2626"}],"wp:attachment":[{"href":"https:\/\/pathebusiness.ch\/fr\/wp-json\/wp\/v2\/media?parent=1332"}],"wp:term":[{"taxonomy":"dipi_cpt_category","embeddable":true,"href":"https:\/\/pathebusiness.ch\/fr\/wp-json\/wp\/v2\/dipi_cpt_category?post=1332"}],"curies":[{"name":"wp","href":"https:\/\/api.w.org\/{rel}","templated":true}]}}