{"id":1211,"date":"2021-02-09T15:44:31","date_gmt":"2021-02-09T14:44:31","guid":{"rendered":"https:\/\/pathebusiness.ch\/?page_id=1211"},"modified":"2023-06-20T13:56:16","modified_gmt":"2023-06-20T11:56:16","slug":"home","status":"publish","type":"page","link":"https:\/\/pathebusiness.ch\/fr\/","title":{"rendered":"Home"},"content":{"rendered":"<p>[et_pb_section fb_built=\u00a0\u00bb1&Prime; fullwidth=\u00a0\u00bbon\u00a0\u00bb _builder_version=\u00a0\u00bb4.16&Prime; _module_preset=\u00a0\u00bbdefault\u00a0\u00bb global_colors_info=\u00a0\u00bb{}\u00a0\u00bb][et_pb_fullwidth_slider show_pagination=\u00a0\u00bboff\u00a0\u00bb module_class=\u00a0\u00bbheader-mit-rand\u00a0\u00bb _builder_version=\u00a0\u00bb4.16&Prime; _module_preset=\u00a0\u00bbdefault\u00a0\u00bb header_font_size=\u00a0\u00bb30px\u00a0\u00bb height=\u00a0\u00bb100%\u00a0\u00bb max_height=\u00a0\u00bb80vh\u00a0\u00bb custom_padding=\u00a0\u00bb50px||40px||false|false\u00a0\u00bb auto=\u00a0\u00bbon\u00a0\u00bb auto_speed=\u00a0\u00bb5000&Prime; auto_ignore_hover=\u00a0\u00bbon\u00a0\u00bb link_option_url=\u00a0\u00bb#content\u00a0\u00bb custom_css_slide_description=\u00a0\u00bbmax-width:800px;||padding-left:25px;||padding-right:25px;||margin-top:20%;||margin-bottom:20%;||-moz-animation: none;||-webkit-animation: none;||-o-animation: none;||-ms-animation: none;||animation: none;\u00a0\u00bb global_colors_info=\u00a0\u00bb{}\u00a0\u00bb custom_css_slide_description__hover_enabled=\u00a0\u00bboff|desktop\u00a0\u00bb][et_pb_slide heading=\u00a0\u00bbPATH\u00c9 BUSINESS\u00a0\u00bb _builder_version=\u00a0\u00bb4.16&Prime; _module_preset=\u00a0\u00bbdefault\u00a0\u00bb background_enable_color=\u00a0\u00bboff\u00a0\u00bb background_image=\u00a0\u00bbhttps:\/\/pathebusiness.ch\/wp-content\/uploads\/2020\/11\/Warum-Pathe-Business-1.jpg\u00a0\u00bb background_enable_image=\u00a0\u00bbon\u00a0\u00bb global_colors_info=\u00a0\u00bb{}\u00a0\u00bb sticky_transition=\u00a0\u00bbon\u00a0\u00bb][\/et_pb_slide][et_pb_slide heading=\u00a0\u00bbPATH\u00c9 BUSINESS\u00a0\u00bb _builder_version=\u00a0\u00bb4.16&Prime; _module_preset=\u00a0\u00bbdefault\u00a0\u00bb background_enable_color=\u00a0\u00bboff\u00a0\u00bb background_image=\u00a0\u00bbhttps:\/\/pathebusiness.ch\/wp-content\/uploads\/2020\/11\/Warum-Pathe-Business-2.jpg\u00a0\u00bb background_enable_image=\u00a0\u00bbon\u00a0\u00bb global_colors_info=\u00a0\u00bb{}\u00a0\u00bb sticky_transition=\u00a0\u00bbon\u00a0\u00bb][\/et_pb_slide][et_pb_slide heading=\u00a0\u00bbPATH\u00c9 BUSINESS\u00a0\u00bb _builder_version=\u00a0\u00bb4.16&Prime; _module_preset=\u00a0\u00bbdefault\u00a0\u00bb background_enable_color=\u00a0\u00bboff\u00a0\u00bb background_image=\u00a0\u00bbhttps:\/\/pathebusiness.ch\/wp-content\/uploads\/2020\/11\/Warum-Pathe-Business-3.jpg\u00a0\u00bb background_enable_image=\u00a0\u00bbon\u00a0\u00bb global_colors_info=\u00a0\u00bb{}\u00a0\u00bb sticky_transition=\u00a0\u00bbon\u00a0\u00bb][\/et_pb_slide][et_pb_slide heading=\u00a0\u00bbPATH\u00c9 BUSINESS\u00a0\u00bb _builder_version=\u00a0\u00bb4.16&Prime; _module_preset=\u00a0\u00bbdefault\u00a0\u00bb background_enable_color=\u00a0\u00bboff\u00a0\u00bb background_image=\u00a0\u00bbhttps:\/\/pathebusiness.ch\/wp-content\/uploads\/2020\/11\/Warum-Pathe-Business-4.jpg\u00a0\u00bb background_enable_image=\u00a0\u00bbon\u00a0\u00bb global_colors_info=\u00a0\u00bb{}\u00a0\u00bb sticky_transition=\u00a0\u00bbon\u00a0\u00bb][\/et_pb_slide][et_pb_slide heading=\u00a0\u00bbPATH\u00c9 BUSINESS\u00a0\u00bb _builder_version=\u00a0\u00bb4.16&Prime; _module_preset=\u00a0\u00bbdefault\u00a0\u00bb background_enable_color=\u00a0\u00bboff\u00a0\u00bb background_image=\u00a0\u00bbhttps:\/\/pathebusiness.ch\/wp-content\/uploads\/2020\/11\/Warum-Pathe-Business-5.jpg\u00a0\u00bb background_enable_image=\u00a0\u00bbon\u00a0\u00bb global_colors_info=\u00a0\u00bb{}\u00a0\u00bb sticky_transition=\u00a0\u00bbon\u00a0\u00bb][\/et_pb_slide][et_pb_slide heading=\u00a0\u00bbPATH\u00c9 BUSINESS\u00a0\u00bb _builder_version=\u00a0\u00bb4.16&Prime; _module_preset=\u00a0\u00bbdefault\u00a0\u00bb background_enable_color=\u00a0\u00bboff\u00a0\u00bb background_image=\u00a0\u00bbhttps:\/\/pathebusiness.ch\/wp-content\/uploads\/2020\/11\/Warum-Pathe-Business-6.jpg\u00a0\u00bb background_enable_image=\u00a0\u00bbon\u00a0\u00bb global_colors_info=\u00a0\u00bb{}\u00a0\u00bb sticky_transition=\u00a0\u00bbon\u00a0\u00bb][\/et_pb_slide][et_pb_slide heading=\u00a0\u00bbPATH\u00c9 BUSINESS\u00a0\u00bb _builder_version=\u00a0\u00bb4.16&Prime; _module_preset=\u00a0\u00bbdefault\u00a0\u00bb background_enable_color=\u00a0\u00bboff\u00a0\u00bb background_image=\u00a0\u00bbhttps:\/\/pathebusiness.ch\/wp-content\/uploads\/2020\/11\/Warum-Pathe-Business-7.jpg\u00a0\u00bb background_enable_image=\u00a0\u00bbon\u00a0\u00bb global_colors_info=\u00a0\u00bb{}\u00a0\u00bb sticky_transition=\u00a0\u00bbon\u00a0\u00bb][\/et_pb_slide][et_pb_slide heading=\u00a0\u00bbPATH\u00c9 BUSINESS\u00a0\u00bb _builder_version=\u00a0\u00bb4.16&Prime; _module_preset=\u00a0\u00bbdefault\u00a0\u00bb background_enable_color=\u00a0\u00bboff\u00a0\u00bb background_image=\u00a0\u00bbhttps:\/\/pathebusiness.ch\/wp-content\/uploads\/2020\/11\/Warum-Pathe-Business-8.jpg\u00a0\u00bb background_enable_image=\u00a0\u00bbon\u00a0\u00bb global_colors_info=\u00a0\u00bb{}\u00a0\u00bb sticky_transition=\u00a0\u00bbon\u00a0\u00bb][\/et_pb_slide][et_pb_slide heading=\u00a0\u00bbPATH\u00c9 BUSINESS\u00a0\u00bb _builder_version=\u00a0\u00bb4.16&Prime; _module_preset=\u00a0\u00bbdefault\u00a0\u00bb background_enable_color=\u00a0\u00bboff\u00a0\u00bb background_image=\u00a0\u00bbhttps:\/\/pathebusiness.ch\/wp-content\/uploads\/2020\/11\/Warum-Pathe-Business-9.jpg\u00a0\u00bb background_enable_image=\u00a0\u00bbon\u00a0\u00bb global_colors_info=\u00a0\u00bb{}\u00a0\u00bb sticky_transition=\u00a0\u00bbon\u00a0\u00bb][\/et_pb_slide][\/et_pb_fullwidth_slider][\/et_pb_section][et_pb_section fb_built=\u00a0\u00bb1&Prime; module_id=\u00a0\u00bbcontent\u00a0\u00bb _builder_version=\u00a0\u00bb4.16&Prime; _module_preset=\u00a0\u00bbdefault\u00a0\u00bb background_color=\u00a0\u00bb#999999&Prime; global_colors_info=\u00a0\u00bb{}\u00a0\u00bb][et_pb_row _builder_version=\u00a0\u00bb4.16&Prime; _module_preset=\u00a0\u00bbdefault\u00a0\u00bb background_color=\u00a0\u00bb#ffffff\u00a0\u00bb max_width=\u00a0\u00bb1200px\u00a0\u00bb custom_padding=\u00a0\u00bb50px|50px|50px|50px|true|true\u00a0\u00bb border_radii=\u00a0\u00bboff|50px|50px||\u00a0\u00bb border_width_top=\u00a0\u00bb4px\u00a0\u00bb border_color_top=\u00a0\u00bb#ffbf00&Prime; border_width_right=\u00a0\u00bb4px\u00a0\u00bb border_color_right=\u00a0\u00bb#ffbf00&Prime; border_width_left=\u00a0\u00bb4px\u00a0\u00bb border_color_left=\u00a0\u00bb#ffbf00&Prime; global_colors_info=\u00a0\u00bb{}\u00a0\u00bb][et_pb_column type=\u00a0\u00bb4_4&Prime; _builder_version=\u00a0\u00bb4.16&Prime; _module_preset=\u00a0\u00bbdefault\u00a0\u00bb global_colors_info=\u00a0\u00bb{}\u00a0\u00bb][et_pb_text _builder_version=\u00a0\u00bb4.16&Prime; _module_preset=\u00a0\u00bbdefault\u00a0\u00bb global_colors_info=\u00a0\u00bb{}\u00a0\u00bb]<\/p>\n<p class=\"p2\">PATH\u00c9 BUSINESS <span class=\"s1\">est le d\u00e9partement<\/span><span class=\"Apple-converted-space\">\u00a0 <\/span>de la plus grande cha\u00eene de cin\u00e9ma suisse qui se <span class=\"s1\">charge de<\/span> l&rsquo;organisation d&rsquo;\u00e9v\u00e9nements d\u2019entreprises d&rsquo;affaires avec une technologie vid\u00e9o et audio de pointe \u00e0 Dietlikon, Spreitenbach, Ebikon, Berne, Lausanne et Gen\u00e8ve.<\/p>\n<p class=\"p2\">71 <span class=\"s1\">salles de cin\u00e9ma<\/span> et 13 217 si\u00e8ges sont disponibles sur 7 sites. Gr\u00e2ce \u00e0 leur situation centrale, tous nos cin\u00e9mas sont faciles d\u2019acc\u00e8s par les transports publics <span class=\"s1\">ou<\/span> en voiture. Un grand nombre de places de parking sont disponibles pour nos clients.<span class=\"Apple-converted-space\">\u00a0<\/span><\/p>\n<p class=\"p2\">De nombreuses entreprises suisses<span class=\"Apple-converted-space\">\u00a0 <\/span><span class=\"s1\">et internationales<\/span><span class=\"Apple-converted-space\">\u00a0 <\/span>ont d\u00e9j\u00e0 organis\u00e9 dans nos cin\u00e9mas leurs \u00e9v\u00e9nements clients, conf\u00e9rences, s\u00e9minaires d&rsquo;affaires, congr\u00e8s ou r\u00e9unions de conseil d&rsquo;administration. Cliquez ici pour en avoir <span class=\"s1\">un <a href=\"https:\/\/pathebusiness.ch\/fr\/references\">aper\u00e7u<\/a>.<\/span><\/p>\n<p><a href=\"https:\/\/pathebusiness.ch\/referenzen\/\"><\/a><\/p>\n<p>[\/et_pb_text][\/et_pb_column][\/et_pb_row][et_pb_row column_structure=\u00a0\u00bb1_2,1_2&Prime; _builder_version=\u00a0\u00bb4.16&Prime; _module_preset=\u00a0\u00bbdefault\u00a0\u00bb background_color=\u00a0\u00bb#ffffff\u00a0\u00bb max_width=\u00a0\u00bb1200px\u00a0\u00bb custom_padding=\u00a0\u00bb50px|50px|0px|50px|false|true\u00a0\u00bb border_color_top=\u00a0\u00bb#ffbf00&Prime; border_width_right=\u00a0\u00bb4px\u00a0\u00bb border_color_right=\u00a0\u00bb#ffbf00&Prime; border_width_left=\u00a0\u00bb4px\u00a0\u00bb border_color_left=\u00a0\u00bb#ffbf00&Prime; global_colors_info=\u00a0\u00bb{}\u00a0\u00bb][et_pb_column type=\u00a0\u00bb1_2&Prime; _builder_version=\u00a0\u00bb4.16&Prime; _module_preset=\u00a0\u00bbdefault\u00a0\u00bb global_colors_info=\u00a0\u00bb{}\u00a0\u00bb][et_pb_text _builder_version=\u00a0\u00bb4.16&Prime; _dynamic_attributes=\u00a0\u00bblink_option_url\u00a0\u00bb _module_preset=\u00a0\u00bbdefault\u00a0\u00bb text_font=\u00a0\u00bb|600|||||||\u00a0\u00bb text_font_size=\u00a0\u00bb24px\u00a0\u00bb background_color=\u00a0\u00bb#ffbf00&Prime; text_orientation=\u00a0\u00bbcenter\u00a0\u00bb custom_padding=\u00a0\u00bb25px|25px|25px|25px|true|true\u00a0\u00bb link_option_url=\u00a0\u00bb@ET-DC@eyJkeW5hbWljIjp0cnVlLCJjb250ZW50IjoicG9zdF9saW5rX3VybF9wYWdlIiwic2V0dGluZ3MiOnsicG9zdF9pZCI6IjEzMzIifX0=@\u00a0\u00bb border_radii=\u00a0\u00bboff|25px|25px||25px\u00a0\u00bb global_colors_info=\u00a0\u00bb{}\u00a0\u00bb]<\/p>\n<p class=\"p1\">Projection priv\u00e9e<span class=\"Apple-tab-span\"> <\/span><\/p>\n<p>[\/et_pb_text][\/et_pb_column][et_pb_column type=\u00a0\u00bb1_2&Prime; _builder_version=\u00a0\u00bb4.16&Prime; _module_preset=\u00a0\u00bbdefault\u00a0\u00bb global_colors_info=\u00a0\u00bb{}\u00a0\u00bb][et_pb_text _builder_version=\u00a0\u00bb4.16&Prime; _module_preset=\u00a0\u00bbdefault\u00a0\u00bb text_font=\u00a0\u00bb|600|||||||\u00a0\u00bb text_font_size=\u00a0\u00bb24px\u00a0\u00bb background_color=\u00a0\u00bb#ffbf00&Prime; text_orientation=\u00a0\u00bbcenter\u00a0\u00bb custom_padding=\u00a0\u00bb25px|25px|25px|25px|true|true\u00a0\u00bb link_option_url=\u00a0\u00bbhttps:\/\/pathebusiness.ch\/fr\/location-de-salles-et-de-cinemas\/\u00a0\u00bb border_radii=\u00a0\u00bboff|25px|25px||25px\u00a0\u00bb global_colors_info=\u00a0\u00bb{}\u00a0\u00bb]<\/p>\n<p>Location de salles et de cin<span>\u00e9<\/span>mas<\/p>\n<p>[\/et_pb_text][\/et_pb_column][\/et_pb_row][et_pb_row column_structure=\u00a0\u00bb1_2,1_2&Prime; _builder_version=\u00a0\u00bb4.16&Prime; _module_preset=\u00a0\u00bbdefault\u00a0\u00bb background_color=\u00a0\u00bb#ffffff\u00a0\u00bb max_width=\u00a0\u00bb1200px\u00a0\u00bb custom_padding=\u00a0\u00bb50px|50px|0px|50px|false|true\u00a0\u00bb border_color_top=\u00a0\u00bb#ffbf00&Prime; border_width_right=\u00a0\u00bb4px\u00a0\u00bb border_color_right=\u00a0\u00bb#ffbf00&Prime; border_width_left=\u00a0\u00bb4px\u00a0\u00bb border_color_left=\u00a0\u00bb#ffbf00&Prime; global_colors_info=\u00a0\u00bb{}\u00a0\u00bb][et_pb_column type=\u00a0\u00bb1_2&Prime; _builder_version=\u00a0\u00bb4.16&Prime; _module_preset=\u00a0\u00bbdefault\u00a0\u00bb global_colors_info=\u00a0\u00bb{}\u00a0\u00bb][et_pb_text _builder_version=\u00a0\u00bb4.16&Prime; _module_preset=\u00a0\u00bbdefault\u00a0\u00bb text_font=\u00a0\u00bb|600|||||||\u00a0\u00bb text_font_size=\u00a0\u00bb24px\u00a0\u00bb background_color=\u00a0\u00bb#ffbf00&Prime; text_orientation=\u00a0\u00bbcenter\u00a0\u00bb custom_padding=\u00a0\u00bb25px|25px|25px|25px|true|true\u00a0\u00bb link_option_url=\u00a0\u00bbhttps:\/\/pathebusiness.ch\/fr\/cadeaux\u00a0\u00bb border_radii=\u00a0\u00bboff|25px|25px||25px\u00a0\u00bb global_colors_info=\u00a0\u00bb{}\u00a0\u00bb]<\/p>\n<p class=\"p1\">Ch\u00e8ques-cadeaux cin\u00e9ma<\/p>\n<p>[\/et_pb_text][\/et_pb_column][et_pb_column type=\u00a0\u00bb1_2&Prime; _builder_version=\u00a0\u00bb4.16&Prime; _module_preset=\u00a0\u00bbdefault\u00a0\u00bb global_colors_info=\u00a0\u00bb{}\u00a0\u00bb][et_pb_text _builder_version=\u00a0\u00bb4.16&Prime; _module_preset=\u00a0\u00bbdefault\u00a0\u00bb text_font=\u00a0\u00bb|600|||||||\u00a0\u00bb text_font_size=\u00a0\u00bb24px\u00a0\u00bb background_color=\u00a0\u00bb#ffbf00&Prime; text_orientation=\u00a0\u00bbcenter\u00a0\u00bb custom_padding=\u00a0\u00bb25px|25px|25px|25px|true|true\u00a0\u00bb link_option_url=\u00a0\u00bbhttps:\/\/pathebusiness.ch\/fr\/publicite\u00a0\u00bb border_radii=\u00a0\u00bboff|25px|25px||25px\u00a0\u00bb global_colors_info=\u00a0\u00bb{}\u00a0\u00bb]<\/p>\n<p class=\"p1\">Publicit\u00e9<\/p>\n<p>[\/et_pb_text][\/et_pb_column][\/et_pb_row][et_pb_row _builder_version=\u00a0\u00bb4.16&Prime; _module_preset=\u00a0\u00bbdefault\u00a0\u00bb background_color=\u00a0\u00bb#ffffff\u00a0\u00bb max_width=\u00a0\u00bb1200px\u00a0\u00bb custom_padding=\u00a0\u00bb50px|50px|0px|50px|false|true\u00a0\u00bb border_color_top=\u00a0\u00bb#ffbf00&Prime; border_width_right=\u00a0\u00bb4px\u00a0\u00bb border_color_right=\u00a0\u00bb#ffbf00&Prime; border_width_left=\u00a0\u00bb4px\u00a0\u00bb border_color_left=\u00a0\u00bb#ffbf00&Prime; global_colors_info=\u00a0\u00bb{}\u00a0\u00bb][et_pb_column type=\u00a0\u00bb4_4&Prime; _builder_version=\u00a0\u00bb4.16&Prime; _module_preset=\u00a0\u00bbdefault\u00a0\u00bb global_colors_info=\u00a0\u00bb{}\u00a0\u00bb][et_pb_text _builder_version=\u00a0\u00bb4.16&Prime; _dynamic_attributes=\u00a0\u00bblink_option_url\u00a0\u00bb _module_preset=\u00a0\u00bbdefault\u00a0\u00bb text_font=\u00a0\u00bb|600|||||||\u00a0\u00bb text_font_size=\u00a0\u00bb24px\u00a0\u00bb background_color=\u00a0\u00bb#ffbf00&Prime; text_orientation=\u00a0\u00bbcenter\u00a0\u00bb custom_padding=\u00a0\u00bb25px|25px|25px|25px|true|true\u00a0\u00bb link_option_url=\u00a0\u00bb@ET-DC@eyJkeW5hbWljIjp0cnVlLCJjb250ZW50IjoicG9zdF9saW5rX3VybF9wYWdlIiwic2V0dGluZ3MiOnsicG9zdF9pZCI6IjEzNDUifX0=@\u00a0\u00bb border_radii=\u00a0\u00bboff|25px|25px||25px\u00a0\u00bb global_colors_info=\u00a0\u00bb{}\u00a0\u00bb]<\/p>\n<p class=\"p1\">Vortre \u00e9v\u00e8nement personnalis\u00e9<\/p>\n<p>[\/et_pb_text][\/et_pb_column][\/et_pb_row][et_pb_row _builder_version=\u00a0\u00bb4.16&Prime; _module_preset=\u00a0\u00bbdefault\u00a0\u00bb background_color=\u00a0\u00bb#ffffff\u00a0\u00bb max_width=\u00a0\u00bb1200px\u00a0\u00bb custom_padding=\u00a0\u00bb50px|50px|50px|50px|true|true\u00a0\u00bb border_radii=\u00a0\u00bboff||||50px\u00a0\u00bb border_width_right=\u00a0\u00bb4px\u00a0\u00bb border_color_right=\u00a0\u00bb#ffbf00&Prime; border_width_bottom=\u00a0\u00bb4px\u00a0\u00bb border_color_bottom=\u00a0\u00bb#ffbf00&Prime; border_width_left=\u00a0\u00bb4px\u00a0\u00bb border_color_left=\u00a0\u00bb#ffbf00&Prime; global_colors_info=\u00a0\u00bb{}\u00a0\u00bb][et_pb_column type=\u00a0\u00bb4_4&Prime; _builder_version=\u00a0\u00bb4.16&Prime; _module_preset=\u00a0\u00bbdefault\u00a0\u00bb global_colors_info=\u00a0\u00bb{}\u00a0\u00bb][\/et_pb_column][\/et_pb_row][et_pb_row _builder_version=\u00a0\u00bb4.16&Prime; _module_preset=\u00a0\u00bbdefault\u00a0\u00bb positioning=\u00a0\u00bbabsolute\u00a0\u00bb position_origin_a=\u00a0\u00bbbottom_left\u00a0\u00bb horizontal_offset=\u00a0\u00bb15%\u00a0\u00bb custom_padding=\u00a0\u00bb0px||0px||false|false\u00a0\u00bb global_colors_info=\u00a0\u00bb{}\u00a0\u00bb][et_pb_column type=\u00a0\u00bb4_4&Prime; _builder_version=\u00a0\u00bb4.16&Prime; _module_preset=\u00a0\u00bbdefault\u00a0\u00bb global_colors_info=\u00a0\u00bb{}\u00a0\u00bb][et_pb_image src=\u00a0\u00bbhttps:\/\/pathebusiness.ch\/wp-content\/uploads\/2020\/11\/Charlie-Footer.svg\u00a0\u00bb title_text=\u00a0\u00bbCharlie-Footer\u00a0\u00bb _builder_version=\u00a0\u00bb4.16&Prime; _module_preset=\u00a0\u00bbdefault\u00a0\u00bb positioning=\u00a0\u00bbrelative\u00a0\u00bb position_origin_r=\u00a0\u00bbbottom_left\u00a0\u00bb max_width=\u00a0\u00bb150px\u00a0\u00bb global_colors_info=\u00a0\u00bb{}\u00a0\u00bb][\/et_pb_image][\/et_pb_column][\/et_pb_row][\/et_pb_section]<\/p>\n","protected":false},"excerpt":{"rendered":"<p>PATH\u00c9 BUSINESS est le d\u00e9partement\u00a0 de la plus grande cha\u00eene de cin\u00e9ma suisse qui se charge de l&rsquo;organisation d&rsquo;\u00e9v\u00e9nements d\u2019entreprises d&rsquo;affaires avec une technologie vid\u00e9o et audio de pointe \u00e0 Dietlikon, Spreitenbach, Ebikon, Berne, Lausanne et Gen\u00e8ve. 71 salles de cin\u00e9ma et 13 217 si\u00e8ges sont disponibles sur 7 sites. Gr\u00e2ce \u00e0 leur situation centrale, [&hellip;]<\/p>\n","protected":false},"author":1,"featured_media":0,"parent":0,"menu_order":0,"comment_status":"closed","ping_status":"closed","template":"","meta":{"_et_pb_use_builder":"on","_et_pb_old_content":"","_et_gb_content_width":"","footnotes":""},"dipi_cpt_category":[],"class_list":["post-1211","page","type-page","status-publish","hentry"],"yoast_head":"<!-- This site is optimized with the Yoast SEO plugin v27.3 - https:\/\/yoast.com\/product\/yoast-seo-wordpress\/ -->\n<title>Path\u00e9 Business | \u00c9v\u00e9nements clients et entreprises<\/title>\n<meta name=\"description\" content=\"Path\u00e9 Business offre une technologie ultramoderne \u00e0 Dietlikon, Spreitenbach, Ebikon, Bern, B\u00e2le, Lausanne et Gen\u00e8ve. Planifier \u00e9v\u00e9nement ici.\" \/>\n<meta name=\"robots\" content=\"index, follow, max-snippet:-1, max-image-preview:large, max-video-preview:-1\" \/>\n<link rel=\"canonical\" href=\"https:\/\/pathebusiness.ch\/fr\/\" \/>\n<meta property=\"og:locale\" content=\"fr_FR\" \/>\n<meta property=\"og:type\" content=\"article\" \/>\n<meta property=\"og:title\" content=\"Path\u00e9 Business | \u00c9v\u00e9nements clients et entreprises\" \/>\n<meta property=\"og:description\" content=\"Path\u00e9 Business offre une technologie ultramoderne \u00e0 Dietlikon, Spreitenbach, Ebikon, Bern, B\u00e2le, Lausanne et Gen\u00e8ve. Planifier \u00e9v\u00e9nement ici.\" \/>\n<meta property=\"og:url\" content=\"https:\/\/pathebusiness.ch\/fr\/\" \/>\n<meta property=\"og:site_name\" content=\"Path\u00e9 Business\" \/>\n<meta property=\"article:modified_time\" content=\"2023-06-20T11:56:16+00:00\" \/>\n<meta name=\"twitter:card\" content=\"summary_large_image\" \/>\n<meta name=\"twitter:label1\" content=\"Dur\u00e9e de lecture estim\u00e9e\" \/>\n\t<meta name=\"twitter:data1\" content=\"2 minutes\" \/>\n<script type=\"application\/ld+json\" class=\"yoast-schema-graph\">{\"@context\":\"https:\\\/\\\/schema.org\",\"@graph\":[{\"@type\":\"WebPage\",\"@id\":\"https:\\\/\\\/pathebusiness.ch\\\/fr\\\/\",\"url\":\"https:\\\/\\\/pathebusiness.ch\\\/fr\\\/\",\"name\":\"Path\u00e9 Business | \u00c9v\u00e9nements clients et entreprises\",\"isPartOf\":{\"@id\":\"https:\\\/\\\/pathebusiness.ch\\\/fr\\\/#website\"},\"datePublished\":\"2021-02-09T14:44:31+00:00\",\"dateModified\":\"2023-06-20T11:56:16+00:00\",\"description\":\"Path\u00e9 Business offre une technologie ultramoderne \u00e0 Dietlikon, Spreitenbach, Ebikon, Bern, B\u00e2le, Lausanne et Gen\u00e8ve. Planifier \u00e9v\u00e9nement ici.\",\"breadcrumb\":{\"@id\":\"https:\\\/\\\/pathebusiness.ch\\\/fr\\\/#breadcrumb\"},\"inLanguage\":\"fr-FR\",\"potentialAction\":[{\"@type\":\"ReadAction\",\"target\":[\"https:\\\/\\\/pathebusiness.ch\\\/fr\\\/\"]}]},{\"@type\":\"BreadcrumbList\",\"@id\":\"https:\\\/\\\/pathebusiness.ch\\\/fr\\\/#breadcrumb\",\"itemListElement\":[{\"@type\":\"ListItem\",\"position\":1,\"name\":\"Startseite\",\"item\":\"https:\\\/\\\/pathebusiness.ch\\\/fr\\\/\"},{\"@type\":\"ListItem\",\"position\":2,\"name\":\"Home\"}]},{\"@type\":\"WebSite\",\"@id\":\"https:\\\/\\\/pathebusiness.ch\\\/fr\\\/#website\",\"url\":\"https:\\\/\\\/pathebusiness.ch\\\/fr\\\/\",\"name\":\"Path\u00e9 Business\",\"description\":\"\",\"potentialAction\":[{\"@type\":\"SearchAction\",\"target\":{\"@type\":\"EntryPoint\",\"urlTemplate\":\"https:\\\/\\\/pathebusiness.ch\\\/fr\\\/?s={search_term_string}\"},\"query-input\":{\"@type\":\"PropertyValueSpecification\",\"valueRequired\":true,\"valueName\":\"search_term_string\"}}],\"inLanguage\":\"fr-FR\"}]}<\/script>\n<!-- \/ Yoast SEO plugin. -->","yoast_head_json":{"title":"Path\u00e9 Business | \u00c9v\u00e9nements clients et entreprises","description":"Path\u00e9 Business offre une technologie ultramoderne \u00e0 Dietlikon, Spreitenbach, Ebikon, Bern, B\u00e2le, Lausanne et Gen\u00e8ve. Planifier \u00e9v\u00e9nement ici.","robots":{"index":"index","follow":"follow","max-snippet":"max-snippet:-1","max-image-preview":"max-image-preview:large","max-video-preview":"max-video-preview:-1"},"canonical":"https:\/\/pathebusiness.ch\/fr\/","og_locale":"fr_FR","og_type":"article","og_title":"Path\u00e9 Business | \u00c9v\u00e9nements clients et entreprises","og_description":"Path\u00e9 Business offre une technologie ultramoderne \u00e0 Dietlikon, Spreitenbach, Ebikon, Bern, B\u00e2le, Lausanne et Gen\u00e8ve. Planifier \u00e9v\u00e9nement ici.","og_url":"https:\/\/pathebusiness.ch\/fr\/","og_site_name":"Path\u00e9 Business","article_modified_time":"2023-06-20T11:56:16+00:00","twitter_card":"summary_large_image","twitter_misc":{"Dur\u00e9e de lecture estim\u00e9e":"2 minutes"},"schema":{"@context":"https:\/\/schema.org","@graph":[{"@type":"WebPage","@id":"https:\/\/pathebusiness.ch\/fr\/","url":"https:\/\/pathebusiness.ch\/fr\/","name":"Path\u00e9 Business | \u00c9v\u00e9nements clients et entreprises","isPartOf":{"@id":"https:\/\/pathebusiness.ch\/fr\/#website"},"datePublished":"2021-02-09T14:44:31+00:00","dateModified":"2023-06-20T11:56:16+00:00","description":"Path\u00e9 Business offre une technologie ultramoderne \u00e0 Dietlikon, Spreitenbach, Ebikon, Bern, B\u00e2le, Lausanne et Gen\u00e8ve. Planifier \u00e9v\u00e9nement ici.","breadcrumb":{"@id":"https:\/\/pathebusiness.ch\/fr\/#breadcrumb"},"inLanguage":"fr-FR","potentialAction":[{"@type":"ReadAction","target":["https:\/\/pathebusiness.ch\/fr\/"]}]},{"@type":"BreadcrumbList","@id":"https:\/\/pathebusiness.ch\/fr\/#breadcrumb","itemListElement":[{"@type":"ListItem","position":1,"name":"Startseite","item":"https:\/\/pathebusiness.ch\/fr\/"},{"@type":"ListItem","position":2,"name":"Home"}]},{"@type":"WebSite","@id":"https:\/\/pathebusiness.ch\/fr\/#website","url":"https:\/\/pathebusiness.ch\/fr\/","name":"Path\u00e9 Business","description":"","potentialAction":[{"@type":"SearchAction","target":{"@type":"EntryPoint","urlTemplate":"https:\/\/pathebusiness.ch\/fr\/?s={search_term_string}"},"query-input":{"@type":"PropertyValueSpecification","valueRequired":true,"valueName":"search_term_string"}}],"inLanguage":"fr-FR"}]}},"_links":{"self":[{"href":"https:\/\/pathebusiness.ch\/fr\/wp-json\/wp\/v2\/pages\/1211","targetHints":{"allow":["GET"]}}],"collection":[{"href":"https:\/\/pathebusiness.ch\/fr\/wp-json\/wp\/v2\/pages"}],"about":[{"href":"https:\/\/pathebusiness.ch\/fr\/wp-json\/wp\/v2\/types\/page"}],"author":[{"embeddable":true,"href":"https:\/\/pathebusiness.ch\/fr\/wp-json\/wp\/v2\/users\/1"}],"replies":[{"embeddable":true,"href":"https:\/\/pathebusiness.ch\/fr\/wp-json\/wp\/v2\/comments?post=1211"}],"version-history":[{"count":13,"href":"https:\/\/pathebusiness.ch\/fr\/wp-json\/wp\/v2\/pages\/1211\/revisions"}],"predecessor-version":[{"id":4114,"href":"https:\/\/pathebusiness.ch\/fr\/wp-json\/wp\/v2\/pages\/1211\/revisions\/4114"}],"wp:attachment":[{"href":"https:\/\/pathebusiness.ch\/fr\/wp-json\/wp\/v2\/media?parent=1211"}],"wp:term":[{"taxonomy":"dipi_cpt_category","embeddable":true,"href":"https:\/\/pathebusiness.ch\/fr\/wp-json\/wp\/v2\/dipi_cpt_category?post=1211"}],"curies":[{"name":"wp","href":"https:\/\/api.w.org\/{rel}","templated":true}]}}