{"id":1475,"date":"2020-12-03T22:18:34","date_gmt":"2020-12-03T21:18:34","guid":{"rendered":"https:\/\/pathebusiness.ch\/?page_id=1475"},"modified":"2021-05-07T06:10:45","modified_gmt":"2021-05-07T04:10:45","slug":"legalnotice","status":"publish","type":"page","link":"https:\/\/pathebusiness.ch\/en\/legalnotice\/","title":{"rendered":"Legal notice"},"content":{"rendered":"<p>[et_pb_section fb_built=&#8221;1&#8243; fullwidth=&#8221;on&#8221; _builder_version=&#8221;4.6.6&#8243; _module_preset=&#8221;default&#8221;][et_pb_fullwidth_slider show_pagination=&#8221;off&#8221; module_class=&#8221;header-mit-rand&#8221; _builder_version=&#8221;4.9.1&#8243; _module_preset=&#8221;default&#8221; header_font_size=&#8221;30px&#8221; height=&#8221;100%&#8221; max_height=&#8221;80vh&#8221; custom_padding=&#8221;50px||40px||false|false&#8221; auto=&#8221;on&#8221; auto_speed=&#8221;5000&#8243; auto_ignore_hover=&#8221;on&#8221; custom_css_slide_description=&#8221;max-width:800px;||padding-left:25px;||padding-right:25px;||margin-top:20%;||margin-bottom:20%;||-moz-animation: none;||-webkit-animation: none;||-o-animation: none;||-ms-animation: none;||animation: none;&#8221; custom_css_slide_description__hover_enabled=&#8221;off|desktop&#8221;][et_pb_slide heading=&#8221;Legal notice&#8221; _builder_version=&#8221;4.9.1&#8243; _module_preset=&#8221;default&#8221; background_enable_color=&#8221;off&#8221; background_image=&#8221;https:\/\/pathebusiness.ch\/wp-content\/uploads\/2020\/11\/Pathe-Business-Anfrage-1.jpg&#8221; background_enable_image=&#8221;on&#8221; sticky_transition=&#8221;on&#8221;][\/et_pb_slide][et_pb_slide heading=&#8221;Legal notice&#8221; _builder_version=&#8221;4.9.1&#8243; _module_preset=&#8221;default&#8221; background_enable_color=&#8221;off&#8221; background_image=&#8221;https:\/\/pathebusiness.ch\/wp-content\/uploads\/2020\/11\/Pathe-Business-Anfrage-2.jpg&#8221; background_enable_image=&#8221;on&#8221; sticky_transition=&#8221;on&#8221;][\/et_pb_slide][et_pb_slide heading=&#8221;Legal notice&#8221; _builder_version=&#8221;4.9.1&#8243; _module_preset=&#8221;default&#8221; background_enable_color=&#8221;off&#8221; background_image=&#8221;https:\/\/pathebusiness.ch\/wp-content\/uploads\/2020\/11\/Pathe-Business-Anfrage-3.jpg&#8221; background_enable_image=&#8221;on&#8221; sticky_transition=&#8221;on&#8221;][\/et_pb_slide][et_pb_slide heading=&#8221;Legal notice&#8221; _builder_version=&#8221;4.9.1&#8243; _module_preset=&#8221;default&#8221; background_enable_color=&#8221;off&#8221; background_image=&#8221;https:\/\/pathebusiness.ch\/wp-content\/uploads\/2020\/11\/Pathe-Business-Anfrage-4.jpg&#8221; background_enable_image=&#8221;on&#8221; sticky_transition=&#8221;on&#8221;][\/et_pb_slide][et_pb_slide heading=&#8221;Legal notice&#8221; _builder_version=&#8221;4.9.1&#8243; _module_preset=&#8221;default&#8221; background_enable_color=&#8221;off&#8221; background_image=&#8221;https:\/\/pathebusiness.ch\/wp-content\/uploads\/2020\/11\/Pathe-Business-Anfrage-5.jpg&#8221; background_enable_image=&#8221;on&#8221; sticky_transition=&#8221;on&#8221;][\/et_pb_slide][et_pb_slide heading=&#8221;Legal notice&#8221; _builder_version=&#8221;4.9.1&#8243; _module_preset=&#8221;default&#8221; background_enable_color=&#8221;off&#8221; background_image=&#8221;https:\/\/pathebusiness.ch\/wp-content\/uploads\/2020\/11\/Pathe-Business-Anfrage-6.jpg&#8221; background_enable_image=&#8221;on&#8221; sticky_transition=&#8221;on&#8221;][\/et_pb_slide][\/et_pb_fullwidth_slider][\/et_pb_section][et_pb_section fb_built=&#8221;1&#8243; _builder_version=&#8221;4.6.6&#8243; _module_preset=&#8221;default&#8221; background_color=&#8221;#999999&#8243;][et_pb_row _builder_version=&#8221;4.6.6&#8243; _module_preset=&#8221;default&#8221; background_color=&#8221;#ffffff&#8221; max_width=&#8221;1200px&#8221; custom_padding=&#8221;50px|50px|50px|50px|true|true&#8221; custom_css_main_element=&#8221;display:flex;&#8221; border_radii=&#8221;off|50px|50px||&#8221; border_width_top=&#8221;4px&#8221; border_color_top=&#8221;#ffbf00&#8243; border_width_right=&#8221;4px&#8221; border_color_right=&#8221;#ffbf00&#8243; border_width_left=&#8221;4px&#8221; border_color_left=&#8221;#ffbf00&#8243;][et_pb_column type=&#8221;4_4&#8243; _builder_version=&#8221;4.6.6&#8243; _module_preset=&#8221;default&#8221; custom_css_main_element=&#8221;margin:auto;&#8221;][et_pb_text _builder_version=&#8221;4.9.1&#8243; _module_preset=&#8221;default&#8221;]<\/p>\n<h2><span>Contact address<\/span><\/h2>\n<p>Path\u00e9 Suisse S.A.<br \/>Rue du Petit-Ch\u00eane 27<br \/>1003 Lausanne<br \/>Switzerland<\/p>\n<p><a href=\"mailto:team@pathebusiness.ch\">team@pathebusiness.ch<\/a><\/p>\n<h2><b><span lang=\"EN-US\">Commercial register entry<\/span><\/b><\/h2>\n<p style=\"font-weight: 400;\"><span>Registered company name: Path\u00e9 Suisse S.A.<br \/><\/span><span>Commercial Identification number: CH-217.3.534.574-3<br \/><\/span><span>VAT identification: CHE-112.691.500MWST<\/span><\/p>\n<h2><b><span lang=\"EN-US\">Disclaimer<\/span><\/b><\/h2>\n<p style=\"font-weight: 400;\"><span>Path\u00e9 Suisse S.A. assumes no liability whatsoever with regard to the correctness, accuracy, actuality, reliability and completeness of any published information.<\/span><\/p>\n<p style=\"font-weight: 400;\"><span>Liability claims against Path\u00e9 Suisse S.A. or its subsidiaries for damages of a material or immaterial nature arising from access to or the usability or non-usability of the website and any information contained therein, from misuse of the website or from technical faults are excluded.<\/span><\/p>\n<h2><b><span lang=\"EN-US\">Liability for links<\/span><\/b><\/h2>\n<p style=\"font-weight: 400;\"><span>References and links to third-party websites are outside the responsibility of Path\u00e9 Suisse S.A. and its subsidiaries. Any responsibility for linked websites is excluded. Access to and use of linked websites is at the user&#8217;s own risk.<\/span><\/p>\n<h2>Copyrights<\/h2>\n<p><span>The copyrights and all other intellectual property rights to the content, images, photos or other files on the website belong exclusively to Path\u00e9 Suisse S.A. or to the specifically named rights holders. For the reproduction of any element, the written consent of the respective copyright holder must be obtained in advance.<\/span><\/p>\n<h2><b><span lang=\"EN-US\">Final provisions<\/span><\/b><\/h2>\n<p style=\"font-weight: 400;\"><span>Path\u00e9 Suisse S.A. and its subsidiaries reserve the right to change, supplement or delete this website or parts thereof or the respective offers without separate announcement or to discontinue publication temporarily or permanently. At the same time, Path\u00e9 Suisse S.A. and its subsidiaries reserve the right to adapt the terms of use as well as the privacy policy charter at any time. Changes of the GTC (General Terms &amp; Conditions), the terms of use or the privacy policy will be announced to the customers in an appropriate way. All legal relationships with Path\u00e9 Suisse S.A. or its subsidiaries are subject to Swiss law. Lausanne (VD) is the exclusive place of jurisdiction. Any compulsory legal places of jurisdiction remain reserved.<\/span><\/p>\n<p>[\/et_pb_text][\/et_pb_column][\/et_pb_row][et_pb_row _builder_version=&#8221;4.6.6&#8243; _module_preset=&#8221;default&#8221; background_color=&#8221;#ffffff&#8221; max_width=&#8221;1200px&#8221; custom_padding=&#8221;50px|50px|50px|50px|true|true&#8221; border_radii=&#8221;off||||50px&#8221; border_width_right=&#8221;4px&#8221; border_color_right=&#8221;#ffbf00&#8243; border_width_bottom=&#8221;4px&#8221; border_color_bottom=&#8221;#ffbf00&#8243; border_width_left=&#8221;4px&#8221; border_color_left=&#8221;#ffbf00&#8243;][et_pb_column type=&#8221;4_4&#8243; _builder_version=&#8221;4.6.6&#8243; _module_preset=&#8221;default&#8221;][\/et_pb_column][\/et_pb_row][et_pb_row _builder_version=&#8221;4.6.6&#8243; _module_preset=&#8221;default&#8221; positioning=&#8221;absolute&#8221; position_origin_a=&#8221;bottom_left&#8221; horizontal_offset=&#8221;15%&#8221; custom_padding=&#8221;0px||0px||false|false&#8221;][et_pb_column type=&#8221;4_4&#8243; _builder_version=&#8221;4.6.6&#8243; _module_preset=&#8221;default&#8221;][et_pb_image src=&#8221;https:\/\/pathebusiness.ch\/wp-content\/uploads\/2020\/11\/Charlie-Footer.svg&#8221; title_text=&#8221;Charlie-Footer&#8221; _builder_version=&#8221;4.6.6&#8243; _module_preset=&#8221;default&#8221; positioning=&#8221;relative&#8221; position_origin_r=&#8221;bottom_left&#8221; max_width=&#8221;150px&#8221;][\/et_pb_image][\/et_pb_column][\/et_pb_row][\/et_pb_section]<\/p>\n","protected":false},"excerpt":{"rendered":"<p>Contact address Path\u00e9 Suisse S.A.Rue du Petit-Ch\u00eane 271003 LausanneSwitzerland team@pathebusiness.ch Commercial register entry Registered company name: Path\u00e9 Suisse S.A.Commercial Identification number: CH-217.3.534.574-3VAT identification: CHE-112.691.500MWST Disclaimer Path\u00e9 Suisse S.A. assumes no liability whatsoever with regard to the correctness, accuracy, actuality, reliability and completeness of any published information. Liability claims against Path\u00e9 Suisse S.A. or its subsidiaries [&hellip;]<\/p>\n","protected":false},"author":1,"featured_media":0,"parent":0,"menu_order":0,"comment_status":"closed","ping_status":"closed","template":"","meta":{"_et_pb_use_builder":"on","_et_pb_old_content":"","_et_gb_content_width":"","footnotes":""},"dipi_cpt_category":[],"class_list":["post-1475","page","type-page","status-publish","hentry"],"yoast_head":"<!-- This site is optimized with the Yoast SEO plugin v27.4 - https:\/\/yoast.com\/product\/yoast-seo-wordpress\/ -->\n<title>Legal notice - Path\u00e9 Business<\/title>\n<meta name=\"robots\" content=\"index, follow, max-snippet:-1, max-image-preview:large, max-video-preview:-1\" \/>\n<link rel=\"canonical\" href=\"https:\/\/pathebusiness.ch\/en\/legalnotice\/\" \/>\n<meta property=\"og:locale\" content=\"en_US\" \/>\n<meta property=\"og:type\" content=\"article\" \/>\n<meta property=\"og:title\" content=\"Legal notice - Path\u00e9 Business\" \/>\n<meta property=\"og:description\" content=\"Contact address Path\u00e9 Suisse S.A.Rue du Petit-Ch\u00eane 271003 LausanneSwitzerland team@pathebusiness.ch Commercial register entry Registered company name: Path\u00e9 Suisse S.A.Commercial Identification number: CH-217.3.534.574-3VAT identification: CHE-112.691.500MWST Disclaimer Path\u00e9 Suisse S.A. assumes no liability whatsoever with regard to the correctness, accuracy, actuality, reliability and completeness of any published information. Liability claims against Path\u00e9 Suisse S.A. or its subsidiaries [&hellip;]\" \/>\n<meta property=\"og:url\" content=\"https:\/\/pathebusiness.ch\/en\/legalnotice\/\" \/>\n<meta property=\"og:site_name\" content=\"Path\u00e9 Business\" \/>\n<meta property=\"article:modified_time\" content=\"2021-05-07T04:10:45+00:00\" \/>\n<meta name=\"twitter:card\" content=\"summary_large_image\" \/>\n<meta name=\"twitter:label1\" content=\"Est. reading time\" \/>\n\t<meta name=\"twitter:data1\" content=\"4 minutes\" \/>\n<script type=\"application\/ld+json\" class=\"yoast-schema-graph\">{\"@context\":\"https:\\\/\\\/schema.org\",\"@graph\":[{\"@type\":\"WebPage\",\"@id\":\"https:\\\/\\\/pathebusiness.ch\\\/en\\\/legalnotice\\\/\",\"url\":\"https:\\\/\\\/pathebusiness.ch\\\/en\\\/legalnotice\\\/\",\"name\":\"Legal notice - Path\u00e9 Business\",\"isPartOf\":{\"@id\":\"https:\\\/\\\/pathebusiness.ch\\\/en\\\/#website\"},\"datePublished\":\"2020-12-03T21:18:34+00:00\",\"dateModified\":\"2021-05-07T04:10:45+00:00\",\"breadcrumb\":{\"@id\":\"https:\\\/\\\/pathebusiness.ch\\\/en\\\/legalnotice\\\/#breadcrumb\"},\"inLanguage\":\"en-US\",\"potentialAction\":[{\"@type\":\"ReadAction\",\"target\":[\"https:\\\/\\\/pathebusiness.ch\\\/en\\\/legalnotice\\\/\"]}]},{\"@type\":\"BreadcrumbList\",\"@id\":\"https:\\\/\\\/pathebusiness.ch\\\/en\\\/legalnotice\\\/#breadcrumb\",\"itemListElement\":[{\"@type\":\"ListItem\",\"position\":1,\"name\":\"Startseite\",\"item\":\"https:\\\/\\\/pathebusiness.ch\\\/en\\\/\"},{\"@type\":\"ListItem\",\"position\":2,\"name\":\"Legal notice\"}]},{\"@type\":\"WebSite\",\"@id\":\"https:\\\/\\\/pathebusiness.ch\\\/en\\\/#website\",\"url\":\"https:\\\/\\\/pathebusiness.ch\\\/en\\\/\",\"name\":\"Path\u00e9 Business\",\"description\":\"\",\"potentialAction\":[{\"@type\":\"SearchAction\",\"target\":{\"@type\":\"EntryPoint\",\"urlTemplate\":\"https:\\\/\\\/pathebusiness.ch\\\/en\\\/?s={search_term_string}\"},\"query-input\":{\"@type\":\"PropertyValueSpecification\",\"valueRequired\":true,\"valueName\":\"search_term_string\"}}],\"inLanguage\":\"en-US\"}]}<\/script>\n<!-- \/ Yoast SEO plugin. -->","yoast_head_json":{"title":"Legal notice - Path\u00e9 Business","robots":{"index":"index","follow":"follow","max-snippet":"max-snippet:-1","max-image-preview":"max-image-preview:large","max-video-preview":"max-video-preview:-1"},"canonical":"https:\/\/pathebusiness.ch\/en\/legalnotice\/","og_locale":"en_US","og_type":"article","og_title":"Legal notice - Path\u00e9 Business","og_description":"Contact address Path\u00e9 Suisse S.A.Rue du Petit-Ch\u00eane 271003 LausanneSwitzerland team@pathebusiness.ch Commercial register entry Registered company name: Path\u00e9 Suisse S.A.Commercial Identification number: CH-217.3.534.574-3VAT identification: CHE-112.691.500MWST Disclaimer Path\u00e9 Suisse S.A. assumes no liability whatsoever with regard to the correctness, accuracy, actuality, reliability and completeness of any published information. Liability claims against Path\u00e9 Suisse S.A. or its subsidiaries [&hellip;]","og_url":"https:\/\/pathebusiness.ch\/en\/legalnotice\/","og_site_name":"Path\u00e9 Business","article_modified_time":"2021-05-07T04:10:45+00:00","twitter_card":"summary_large_image","twitter_misc":{"Est. reading time":"4 minutes"},"schema":{"@context":"https:\/\/schema.org","@graph":[{"@type":"WebPage","@id":"https:\/\/pathebusiness.ch\/en\/legalnotice\/","url":"https:\/\/pathebusiness.ch\/en\/legalnotice\/","name":"Legal notice - Path\u00e9 Business","isPartOf":{"@id":"https:\/\/pathebusiness.ch\/en\/#website"},"datePublished":"2020-12-03T21:18:34+00:00","dateModified":"2021-05-07T04:10:45+00:00","breadcrumb":{"@id":"https:\/\/pathebusiness.ch\/en\/legalnotice\/#breadcrumb"},"inLanguage":"en-US","potentialAction":[{"@type":"ReadAction","target":["https:\/\/pathebusiness.ch\/en\/legalnotice\/"]}]},{"@type":"BreadcrumbList","@id":"https:\/\/pathebusiness.ch\/en\/legalnotice\/#breadcrumb","itemListElement":[{"@type":"ListItem","position":1,"name":"Startseite","item":"https:\/\/pathebusiness.ch\/en\/"},{"@type":"ListItem","position":2,"name":"Legal notice"}]},{"@type":"WebSite","@id":"https:\/\/pathebusiness.ch\/en\/#website","url":"https:\/\/pathebusiness.ch\/en\/","name":"Path\u00e9 Business","description":"","potentialAction":[{"@type":"SearchAction","target":{"@type":"EntryPoint","urlTemplate":"https:\/\/pathebusiness.ch\/en\/?s={search_term_string}"},"query-input":{"@type":"PropertyValueSpecification","valueRequired":true,"valueName":"search_term_string"}}],"inLanguage":"en-US"}]}},"_links":{"self":[{"href":"https:\/\/pathebusiness.ch\/en\/wp-json\/wp\/v2\/pages\/1475","targetHints":{"allow":["GET"]}}],"collection":[{"href":"https:\/\/pathebusiness.ch\/en\/wp-json\/wp\/v2\/pages"}],"about":[{"href":"https:\/\/pathebusiness.ch\/en\/wp-json\/wp\/v2\/types\/page"}],"author":[{"embeddable":true,"href":"https:\/\/pathebusiness.ch\/en\/wp-json\/wp\/v2\/users\/1"}],"replies":[{"embeddable":true,"href":"https:\/\/pathebusiness.ch\/en\/wp-json\/wp\/v2\/comments?post=1475"}],"version-history":[{"count":10,"href":"https:\/\/pathebusiness.ch\/en\/wp-json\/wp\/v2\/pages\/1475\/revisions"}],"predecessor-version":[{"id":2572,"href":"https:\/\/pathebusiness.ch\/en\/wp-json\/wp\/v2\/pages\/1475\/revisions\/2572"}],"wp:attachment":[{"href":"https:\/\/pathebusiness.ch\/en\/wp-json\/wp\/v2\/media?parent=1475"}],"wp:term":[{"taxonomy":"dipi_cpt_category","embeddable":true,"href":"https:\/\/pathebusiness.ch\/en\/wp-json\/wp\/v2\/dipi_cpt_category?post=1475"}],"curies":[{"name":"wp","href":"https:\/\/api.w.org\/{rel}","templated":true}]}}